{"id":9633,"date":"2021-08-25T07:26:28","date_gmt":"2021-08-25T05:26:28","guid":{"rendered":"https:\/\/marcaymercado.com\/website\/?page_id=9633"},"modified":"2025-06-09T02:07:43","modified_gmt":"2025-06-09T00:07:43","slug":"registro-de-dominio-bolivia-com-bo","status":"publish","type":"page","link":"https:\/\/marcaymercado.com\/website\/registro-de-dominio-bolivia-com-bo\/","title":{"rendered":"REGISTRO DE DOMINIO .COM.BO"},"content":{"rendered":"<div class=\"wpb-content-wrapper\"><p>[vc_row][vc_column]\n\t\t<div id=\"wd-684624dac710e\" class=\"title-wrapper wd-wpb wd-set-mb reset-last-child  wd-rs-684624dac710e wd-title-color-primary wd-title-style-underlined text-center vc_custom_1749427423383 wd-underline-colored\">\n\t\t\t\n\t\t\t<div class=\"liner-continer\">\n\t\t\t\t<h4 class=\"woodmart-title-container title  wd-font-weight- wd-fontsize-xxl\" >Conquista el mercado boliviano con tu dominio .bo<\/h4>\n\t\t\t\t\t\t\t<\/div>\n\t\t\t\n\t\t\t\n\t\t\t\n\t\t<\/div>\n\t\t\n\t\t[vc_column_text css=\u00bb\u00bb woodmart_inline=\u00bbno\u00bb text_larger=\u00bbno\u00bb]<\/p>\n<h3 style=\"text-align: center;\"><strong>\u00bfQuieres que tu marca tenga presencia profesional y local en internet? <\/strong><\/h3>\n<p style=\"text-align: center;\">En [Nombre de tu empresa] te ayudamos a registrar tu dominio .com.bo, .org.bo o .bo de forma r\u00e1pida, segura y al mejor precio.<\/p>\n<h3 style=\"text-align: center;\"><strong>\u00bfPor qu\u00e9 elegir un dominio boliviano?<\/strong><br \/>\n<strong>Identidad local:<\/strong> Conecta con tu p\u00fablico en Bolivia con un dominio nacional.<\/h3>\n<p style=\"text-align: center;\"><strong>Mayor confianza:<\/strong> Demuestra que eres una empresa seria y establecida en el pa\u00eds.<\/p>\n<p style=\"text-align: center;\"><strong>Mejor posicionamiento:<\/strong> Aumenta tu visibilidad en los resultados de b\u00fasqueda locales.<\/p>\n<p>[\/vc_column_text][vc_row_inner][vc_column_inner width=\u00bb1\/3&#8243;][vc_column_text css=\u00bb\u00bb woodmart_inline=\u00bbno\u00bb text_larger=\u00bbno\u00bb]<\/p>\n<h4 data-start=\"864\" data-end=\"901\">\u2705 \u00bfQu\u00e9 incluye nuestro servicio?<\/h4>\n<ul data-start=\"902\" data-end=\"1215\">\n<li data-start=\"902\" data-end=\"1002\">\n<p data-start=\"904\" data-end=\"1002\">Registro de dominios <strong data-start=\"925\" data-end=\"936\">.com.bo<\/strong> (empresas), <strong data-start=\"949\" data-end=\"960\">.org.bo<\/strong> (organizaciones) y <strong data-start=\"980\" data-end=\"987\">.bo<\/strong> (uso general).<\/p>\n<\/li>\n<li data-start=\"1003\" data-end=\"1075\">\n<p data-start=\"1005\" data-end=\"1075\"><strong data-start=\"1005\" data-end=\"1031\">Asesor\u00eda personalizada<\/strong> en el proceso de solicitud y documentaci\u00f3n.<\/p>\n<\/li>\n<li data-start=\"1076\" data-end=\"1134\">\n<p data-start=\"1078\" data-end=\"1134\"><strong data-start=\"1078\" data-end=\"1101\">Protecci\u00f3n de datos<\/strong> y soporte t\u00e9cnico especializado.<\/p>\n<\/li>\n<li data-start=\"1135\" data-end=\"1215\">\n<p data-start=\"1137\" data-end=\"1215\">Opciones adicionales como <strong data-start=\"1163\" data-end=\"1187\">correo personalizado<\/strong>, <strong data-start=\"1189\" data-end=\"1208\">redirecci\u00f3n web<\/strong> y m\u00e1s.<\/p>\n<\/li>\n<\/ul>\n<p>[\/vc_column_text][\/vc_column_inner][vc_column_inner width=\u00bb1\/3&#8243;][vc_column_text css=\u00bb\u00bb woodmart_inline=\u00bbno\u00bb text_larger=\u00bbno\u00bb]<\/p>\n<h4 data-start=\"1217\" data-end=\"1236\">\ud83d\udca1 Ideal para:<\/h4>\n<ul data-start=\"1237\" data-end=\"1425\">\n<li data-start=\"1237\" data-end=\"1280\">\n<p data-start=\"1239\" data-end=\"1280\">Empresas y negocios que operan en Bolivia<\/p>\n<\/li>\n<li data-start=\"1281\" data-end=\"1345\">\n<p data-start=\"1283\" data-end=\"1345\">Organizaciones sin fines de lucro, fundaciones e instituciones<\/p>\n<\/li>\n<li data-start=\"1346\" data-end=\"1425\">\n<p data-start=\"1348\" data-end=\"1425\">Proyectos personales o profesionales que quieren una imagen confiable y local<\/p>\n<\/li>\n<\/ul>\n<p>[\/vc_column_text][\/vc_column_inner][vc_column_inner width=\u00bb1\/3&#8243;][vc_single_image image=\u00bb9626&#8243; img_size=\u00bbfull\u00bb css=\u00bb\u00bb parallax_scroll=\u00bbno\u00bb woodmart_inline=\u00bbno\u00bb][\/vc_column_inner][\/vc_row_inner][\/vc_column][\/vc_row][vc_row gap=\u00bb15&#8243; woodmart_stretch_content=\u00bbsection-stretch\u00bb css=\u00bb.vc_custom_1749350776049{background-color: #DF0209 !important;}\u00bb woodmart_css_id=\u00bb6844f9740a5d1&#8243; responsive_spacing=\u00bbeyJwYXJhbV90eXBlIjoid29vZG1hcnRfcmVzcG9uc2l2ZV9zcGFjaW5nIiwic2VsZWN0b3JfaWQiOiI2ODQ0Zjk3NDBhNWQxIiwic2hvcnRjb2RlIjoidmNfcm93IiwiZGF0YSI6eyJ0YWJsZXQiOnt9LCJtb2JpbGUiOnt9fX0=\u00bb mobile_bg_img_hidden=\u00bbno\u00bb tablet_bg_img_hidden=\u00bbno\u00bb woodmart_parallax=\u00bb0&#8243; woodmart_gradient_switch=\u00bbno\u00bb woodmart_box_shadow=\u00bbno\u00bb wd_z_index=\u00bbno\u00bb woodmart_disable_overflow=\u00bb0&#8243; row_reverse_mobile=\u00bb0&#8243; row_reverse_tablet=\u00bb0&#8243;][vc_column width=\u00bb1\/3&#8243;]\n\t\t<div id=\"wd-6846212787dbc\" class=\"title-wrapper wd-wpb wd-set-mb reset-last-child  wd-rs-6846212787dbc wd-title-color-alt wd-title-style-default text-center  wd-underline-colored\">\n\t\t\t\n\t\t\t<div class=\"liner-continer\">\n\t\t\t\t<h4 class=\"woodmart-title-container title  wd-font-weight- wd-fontsize-xl\" >Transfiere t\u00fa dominio sin complicaciones<\/h4>\n\t\t\t\t\t\t\t<\/div>\n\t\t\t\n\t\t\t\n\t\t\t\n\t\t<\/div>\n\t\t\n\t\t<div id=\"wd-68461071af727\" class=\" wd-rs-68461071af727 vc_custom_1749422208315 wd-button-wrapper text-center\"><a href=\"https:\/\/marcaymercado.com\/website\/contacto\/\" title=\"CONTACTO\" class=\"btn btn-color-black btn-style-3d btn-shape-rectangle btn-size-small\">CONT\u00c1CTANOS<\/a><\/div>[\/vc_column][vc_column width=\u00bb1\/3&#8243; woodmart_css_id=\u00bb6844f953c5262&#8243; parallax_scroll=\u00bbno\u00bb woodmart_sticky_column=\u00bbfalse\u00bb wd_collapsible_content_switcher=\u00bbno\u00bb wd_column_role_offcanvas_desktop=\u00bbno\u00bb wd_column_role_offcanvas_tablet=\u00bbno\u00bb wd_column_role_offcanvas_mobile=\u00bbno\u00bb wd_column_role_content_desktop=\u00bbno\u00bb wd_column_role_content_tablet=\u00bbno\u00bb wd_column_role_content_mobile=\u00bbno\u00bb mobile_bg_img_hidden=\u00bbno\u00bb tablet_bg_img_hidden=\u00bbno\u00bb woodmart_parallax=\u00bb0&#8243; woodmart_box_shadow=\u00bbno\u00bb responsive_spacing=\u00bbeyJwYXJhbV90eXBlIjoid29vZG1hcnRfcmVzcG9uc2l2ZV9zcGFjaW5nIiwic2VsZWN0b3JfaWQiOiI2ODQ0Zjk1M2M1MjYyIiwic2hvcnRjb2RlIjoidmNfY29sdW1uIiwiZGF0YSI6eyJ0YWJsZXQiOnt9LCJtb2JpbGUiOnt9fX0=\u00bb mobile_reset_margin=\u00bbno\u00bb tablet_reset_margin=\u00bbno\u00bb wd_z_index=\u00bbno\u00bb]<div class=\"cq-infoblock cq-infoblock-avapos-left cq-infoblock-bar-float cq-infoblock-avatar-medium cq-infoblock-shape-square  vc_custom_1749350769519\" style=\"background-image:url();background-color:#0000001C;\" data-iconcolor=\"\" data-iconbg=\"\" data-iconhovercolor=\"\" data-iconhoverbg=\"\" data-bghovercolor=\"\" data-barhoverbg=\"\" data-bgcolor=\"#0000001C\" data-barbgcolor=\"\"><div class=\"cq-infoblock-content\" style=\"background-color:#0000001C;\"><div class=\"cq-infoblock-textcontainer\"><span class=\"cq-infoblock-iconarea\" style=\"background-color:;background-image:url()\"><i class=\"cq-infoblock-icon entypo-icon entypo-icon-info\" style=\"color:;\"><\/i><\/span><div class=\"cq-infoblock-text\">\u00bfVienes de otro proveedor? Nosotros nos encargamos de la migraci\u00f3n por ti. R\u00e1pido, accesible y con soporte completo, para que t\u00fa solo te enfoques en tu negocio.<\/div><\/div> <\/div><\/div>[\/vc_column][vc_column width=\u00bb1\/3&#8243;]<div class=\"cq-infoblock cq-infoblock-avapos-left cq-infoblock-bar-float cq-infoblock-avatar-medium cq-infoblock-shape-square  vc_custom_1749350762043\" style=\"background-image:url();background-color:#0000001C;\" data-iconcolor=\"\" data-iconbg=\"\" data-iconhovercolor=\"\" data-iconhoverbg=\"\" data-bghovercolor=\"\" data-barhoverbg=\"\" data-bgcolor=\"#0000001C\" data-barbgcolor=\"\"><div class=\"cq-infoblock-content\" style=\"background-color:#0000001C;\"><div class=\"cq-infoblock-textcontainer\"><span class=\"cq-infoblock-iconarea\" style=\"background-color:;background-image:url()\"><i class=\"cq-infoblock-icon entypo-icon entypo-icon-newspaper\" style=\"color:;\"><\/i><\/span><div class=\"cq-infoblock-text\">Dise\u00f1amos todo pensando en tu negocio. Mant\u00e9n tu dominio, hosting, correo electr\u00f3nico y herramientas en un solo lugar.<\/div><\/div> <\/div><\/div>[\/vc_column][\/vc_row][vc_row][vc_column width=\u00bb2\/3&#8243;][vc_column_text css=\u00bb\u00bb woodmart_inline=\u00bbno\u00bb text_larger=\u00bbno\u00bb]<\/p>\n<h3 data-start=\"1432\" data-end=\"1467\">\ud83d\udce2 \u00a1No pierdas tu nombre ideal!<\/h3>\n<p data-start=\"1469\" data-end=\"1640\">Los dominios locales son \u00fanicos. Una vez registrados, ya no estar\u00e1n disponibles. Reserva el tuyo ahora y da el primer paso para fortalecer tu presencia digital en Bolivia.<\/p>\n<p>[\/vc_column_text][\/vc_column][vc_column width=\u00bb1\/3&#8243;][vc_single_image image=\u00bb9636&#8243; img_size=\u00bbfull\u00bb css=\u00bb\u00bb parallax_scroll=\u00bbno\u00bb woodmart_inline=\u00bbno\u00bb][\/vc_column][\/vc_row]<\/p>\n<\/div>","protected":false},"excerpt":{"rendered":"<p>[vc_row][vc_column][vc_column_text css=\u00bb\u00bb woodmart_inline=\u00bbno\u00bb text_larger=\u00bbno\u00bb] \u00bfQuieres que tu marca tenga presencia profesional y local en internet? En [Nombre de tu empresa]<\/p>\n","protected":false},"author":1,"featured_media":0,"parent":0,"menu_order":0,"comment_status":"closed","ping_status":"closed","template":"","meta":{"_joinchat":[],"footnotes":""},"class_list":["post-9633","page","type-page","status-publish","hentry"],"_links":{"self":[{"href":"https:\/\/marcaymercado.com\/website\/wp-json\/wp\/v2\/pages\/9633","targetHints":{"allow":["GET"]}}],"collection":[{"href":"https:\/\/marcaymercado.com\/website\/wp-json\/wp\/v2\/pages"}],"about":[{"href":"https:\/\/marcaymercado.com\/website\/wp-json\/wp\/v2\/types\/page"}],"author":[{"embeddable":true,"href":"https:\/\/marcaymercado.com\/website\/wp-json\/wp\/v2\/users\/1"}],"replies":[{"embeddable":true,"href":"https:\/\/marcaymercado.com\/website\/wp-json\/wp\/v2\/comments?post=9633"}],"version-history":[{"count":3,"href":"https:\/\/marcaymercado.com\/website\/wp-json\/wp\/v2\/pages\/9633\/revisions"}],"predecessor-version":[{"id":9637,"href":"https:\/\/marcaymercado.com\/website\/wp-json\/wp\/v2\/pages\/9633\/revisions\/9637"}],"wp:attachment":[{"href":"https:\/\/marcaymercado.com\/website\/wp-json\/wp\/v2\/media?parent=9633"}],"curies":[{"name":"wp","href":"https:\/\/api.w.org\/{rel}","templated":true}]}}