{"id":9447,"date":"2021-08-25T07:26:28","date_gmt":"2021-08-25T05:26:28","guid":{"rendered":"https:\/\/marcaymercado.com\/website\/?page_id=9447"},"modified":"2025-06-20T01:07:36","modified_gmt":"2025-06-19T23:07:36","slug":"tiendas-online","status":"publish","type":"page","link":"https:\/\/marcaymercado.com\/website\/tiendas-online\/","title":{"rendered":"TIENDAS ONLINE"},"content":{"rendered":"<div class=\"wpb-content-wrapper\"><p>[vc_row][vc_column width=\u00bb1\/2&#8243;]\n\t\t<div id=\"wd-6854946c85104\" class=\"title-wrapper wd-wpb wd-set-mb reset-last-child  wd-rs-6854946c85104 wd-title-color-primary wd-title-style-underlined text-center vc_custom_1750373487593 wd-underline-colored\">\n\t\t\t\n\t\t\t<div class=\"liner-continer\">\n\t\t\t\t<h4 class=\"woodmart-title-container title  wd-font-weight- wd-fontsize-xxl\" >Dise\u00f1o Tienda Online<\/h4>\n\t\t\t\t\t\t\t<\/div>\n\t\t\t\n\t\t\t\n\t\t\t\n\t\t<\/div>\n\t\t\n\t\t[vc_column_text css=\u00bb\u00bb woodmart_inline=\u00bbno\u00bb text_larger=\u00bbno\u00bb]<\/p>\n<p class=\"relaweyli\" style=\"text-align: left;\">Hoy en d\u00eda la nueva tendencia en cuanto a dise\u00f1o web y tiendas On Line es Responsive o adaptable para cualquier dispositivo,<br \/>\nuna plataforma que como su nombre lo dice responde el dise\u00f1o a la resoluci\u00f3n del dispositivo en el cual se est\u00e1 navegando.<br \/>\nEsta plataforma mejora la experiencia de navegaci\u00f3n del usuario, adaptando y optimizando el contenido de la web al tama\u00f1o<br \/>\nde la pantalla.<\/p>\n<h3>Que tiene las siguientes caracter\u00edsticas:<\/h3>\n<ul>\n<li class=\"relaweyli\" style=\"text-align: left;\">Sitio Web Completo en tecnolog\u00eda Responsive o Adaptable para cualquier dispositivo.<\/li>\n<li class=\"relaweyli\" style=\"text-align: left;\">Su p\u00e1gina web responder\u00e1 y se adaptar\u00e1 a la resoluci\u00f3n del dispositivo que se est\u00e9 navegando.<\/li>\n<\/ul>\n<p>[\/vc_column_text][\/vc_column][vc_column width=\u00bb1\/2&#8243;][vc_single_image image=\u00bb9664&#8243; img_size=\u00bbfull\u00bb css=\u00bb\u00bb parallax_scroll=\u00bbno\u00bb woodmart_inline=\u00bbno\u00bb][\/vc_column][\/vc_row][vc_row][vc_column]\n\t\t<div id=\"wd-6854968ad50cd\" class=\"title-wrapper wd-wpb wd-set-mb reset-last-child  wd-rs-6854968ad50cd wd-title-color-primary wd-title-style-underlined text-center vc_custom_1750374033745 wd-underline-colored\">\n\t\t\t\n\t\t\t<div class=\"liner-continer\">\n\t\t\t\t<h4 class=\"woodmart-title-container title  wd-font-weight- wd-fontsize-xxl\" >Ventajas y beneficios de tener una tienda eCommerce en l\u00ednea<\/h4>\n\t\t\t\t\t\t\t<\/div>\n\t\t\t\n\t\t\t\n\t\t\t\n\t\t<\/div>\n\t\t\n\t\t[vc_column_text css=\u00bb\u00bb woodmart_inline=\u00bbno\u00bb text_larger=\u00bbno\u00bb]En la actualidad, contar con una tienda en l\u00ednea no es solo una opci\u00f3n, sino una <strong data-start=\"353\" data-end=\"430\">estrategia clave para crecer, vender m\u00e1s y competir en el mercado digital<\/strong>. Estas son las principales ventajas y beneficios de tener tu propio eCommerce:[\/vc_column_text][vc_row_inner][vc_column_inner width=\u00bb1\/2&#8243;][vc_column_text css=\u00bb\u00bb woodmart_inline=\u00bbno\u00bb text_larger=\u00bbno\u00bb]<\/p>\n<h4 data-start=\"511\" data-end=\"553\">\ud83d\uded2 1. Ventas las 24 horas, los 7 d\u00edas<\/h4>\n<p data-start=\"554\" data-end=\"732\">Tu tienda online nunca cierra. Los clientes pueden comprar en cualquier momento, desde cualquier lugar, lo que <strong data-start=\"665\" data-end=\"706\">multiplica tus oportunidades de venta<\/strong> incluso mientras duermes.<\/p>\n<h4 data-start=\"734\" data-end=\"759\">\ud83c\udf0d 2. Alcance global<\/h4>\n<p data-start=\"760\" data-end=\"933\">A diferencia de una tienda f\u00edsica, una tienda en l\u00ednea te permite llegar a <strong data-start=\"835\" data-end=\"874\">clientes en todo el pa\u00eds o el mundo<\/strong>, ampliando tu mercado m\u00e1s all\u00e1 de tu ubicaci\u00f3n geogr\u00e1fica.<\/p>\n<h4 data-start=\"935\" data-end=\"971\">\ud83d\udcb0 3. Menores costos operativos<\/h4>\n<p data-start=\"972\" data-end=\"1144\">Un eCommerce puede funcionar sin gastos de alquiler, empleados fijos o servicios adicionales de una tienda f\u00edsica, lo que <strong data-start=\"1094\" data-end=\"1111\">reduce costos<\/strong> y mejora tu margen de ganancias.<\/p>\n<h4 data-start=\"1146\" data-end=\"1191\">\ud83d\udcca 4. Medici\u00f3n y an\u00e1lisis en tiempo real<\/h4>\n<p data-start=\"1192\" data-end=\"1362\">Puedes ver qu\u00e9 productos se venden m\u00e1s, de d\u00f3nde vienen tus clientes, cu\u00e1nto tiempo pasan en tu tienda y m\u00e1s, lo que permite tomar <strong data-start=\"1323\" data-end=\"1361\">decisiones basadas en datos reales<\/strong>.<\/p>\n<h4 data-start=\"1364\" data-end=\"1413\">\ud83d\udcf1 5. Experiencia de compra c\u00f3moda y moderna<\/h4>\n<p data-start=\"1414\" data-end=\"1588\">Los clientes valoran la facilidad de comprar desde su celular o computadora, con m\u00e9todos de pago y env\u00edos integrados. Una tienda online <strong data-start=\"1550\" data-end=\"1587\">mejora la experiencia del cliente<\/strong>.<\/p>\n<p>[\/vc_column_text][\/vc_column_inner][vc_column_inner width=\u00bb1\/2&#8243;][vc_column_text css=\u00bb\u00bb woodmart_inline=\u00bbno\u00bb text_larger=\u00bbno\u00bb]<\/p>\n<h4 data-start=\"1590\" data-end=\"1627\">\ud83d\udd04 6. Automatizaci\u00f3n de procesos<\/h4>\n<p data-start=\"1628\" data-end=\"1792\">Puedes automatizar correos de confirmaci\u00f3n, gesti\u00f3n de inventario, seguimiento de pedidos y atenci\u00f3n al cliente, lo que te ahorra tiempo y <strong data-start=\"1767\" data-end=\"1791\">mejora la eficiencia<\/strong>.<\/p>\n<h4 data-start=\"1794\" data-end=\"1830\">\ud83e\udde0 7. Control total de tu marca<\/h4>\n<p data-start=\"1831\" data-end=\"2007\">A diferencia de vender en marketplaces, en tu propia tienda t\u00fa decides el dise\u00f1o, el mensaje, las promociones y la experiencia de usuario, <strong data-start=\"1970\" data-end=\"2006\">reforzando tu identidad de marca<\/strong>.<\/p>\n<h4 data-start=\"2009\" data-end=\"2045\">\ud83d\udcc8 8. Escalabilidad del negocio<\/h4>\n<p data-start=\"2046\" data-end=\"2212\">Una tienda eCommerce te permite empezar con pocos productos e ir creciendo sin necesidad de hacer grandes inversiones f\u00edsicas, adapt\u00e1ndote al crecimiento del negocio.<\/p>\n<h4 data-start=\"2214\" data-end=\"2266\">\ud83c\udfaf 9. Integraci\u00f3n con redes y marketing digital<\/h4>\n<p data-start=\"2267\" data-end=\"2429\">Tu tienda se convierte en el centro de tu estrategia online: puedes dirigir tr\u00e1fico desde redes sociales, hacer campa\u00f1as de anuncios, email marketing y mucho m\u00e1s.<\/p>\n<p>[\/vc_column_text][\/vc_column_inner][\/vc_row_inner][\/vc_column][\/vc_row][vc_row gap=\u00bb15&#8243; woodmart_stretch_content=\u00bbsection-stretch\u00bb css=\u00bb.vc_custom_1749350776049{background-color: #DF0209 !important;}\u00bb woodmart_css_id=\u00bb6844f9740a5d1&#8243; responsive_spacing=\u00bbeyJwYXJhbV90eXBlIjoid29vZG1hcnRfcmVzcG9uc2l2ZV9zcGFjaW5nIiwic2VsZWN0b3JfaWQiOiI2ODQ0Zjk3NDBhNWQxIiwic2hvcnRjb2RlIjoidmNfcm93IiwiZGF0YSI6eyJ0YWJsZXQiOnt9LCJtb2JpbGUiOnt9fX0=\u00bb mobile_bg_img_hidden=\u00bbno\u00bb tablet_bg_img_hidden=\u00bbno\u00bb woodmart_parallax=\u00bb0&#8243; woodmart_gradient_switch=\u00bbno\u00bb woodmart_box_shadow=\u00bbno\u00bb wd_z_index=\u00bbno\u00bb woodmart_disable_overflow=\u00bb0&#8243; row_reverse_mobile=\u00bb0&#8243; row_reverse_tablet=\u00bb0&#8243;][vc_column width=\u00bb1\/3&#8243; css=\u00bb.vc_custom_1750372720399{margin: 20px !important;}\u00bb woodmart_css_id=\u00bb685491681fc8a\u00bb parallax_scroll=\u00bbno\u00bb woodmart_sticky_column=\u00bbfalse\u00bb wd_collapsible_content_switcher=\u00bbno\u00bb wd_column_role_offcanvas_desktop=\u00bbno\u00bb wd_column_role_offcanvas_tablet=\u00bbno\u00bb wd_column_role_offcanvas_mobile=\u00bbno\u00bb wd_column_role_content_desktop=\u00bbno\u00bb wd_column_role_content_tablet=\u00bbno\u00bb wd_column_role_content_mobile=\u00bbno\u00bb mobile_bg_img_hidden=\u00bbno\u00bb tablet_bg_img_hidden=\u00bbno\u00bb woodmart_parallax=\u00bb0&#8243; woodmart_box_shadow=\u00bbno\u00bb responsive_spacing=\u00bbeyJwYXJhbV90eXBlIjoid29vZG1hcnRfcmVzcG9uc2l2ZV9zcGFjaW5nIiwic2VsZWN0b3JfaWQiOiI2ODU0OTE2ODFmYzhhIiwic2hvcnRjb2RlIjoidmNfY29sdW1uIiwiZGF0YSI6eyJ0YWJsZXQiOnt9LCJtb2JpbGUiOnt9fX0=\u00bb mobile_reset_margin=\u00bbno\u00bb tablet_reset_margin=\u00bbno\u00bb wd_z_index=\u00bbno\u00bb]\n\t\t<div id=\"wd-685490afa91fb\" class=\"title-wrapper wd-wpb wd-set-mb reset-last-child  wd-rs-685490afa91fb wd-title-color-alt wd-title-style-default text-center  wd-underline-colored\">\n\t\t\t\n\t\t\t<div class=\"liner-continer\">\n\t\t\t\t<h4 class=\"woodmart-title-container title  wd-font-weight- wd-fontsize-xl\" >Escrtibenos a nuestro Agente Comercial<\/h4>\n\t\t\t\t\t\t\t<\/div>\n\t\t\t\n\t\t\t\n\t\t\t\n\t\t<\/div>\n\t\t\n\t\t<div id=\"wd-684615bbc8127\" class=\" wd-rs-684615bbc8127 vc_custom_1749423562270 wd-button-wrapper text-center\"><a href=\"https:\/\/marcaymercado.com\/website\/contacto\/\" title=\"CONTACTO\" class=\"btn btn-color-black btn-style-3d btn-shape-rectangle btn-size-small\">CONT\u00c1CTANOS<\/a><\/div>[\/vc_column][vc_column width=\u00bb1\/3&#8243; woodmart_css_id=\u00bb6844f953c5262&#8243; parallax_scroll=\u00bbno\u00bb woodmart_sticky_column=\u00bbfalse\u00bb wd_collapsible_content_switcher=\u00bbno\u00bb wd_column_role_offcanvas_desktop=\u00bbno\u00bb wd_column_role_offcanvas_tablet=\u00bbno\u00bb wd_column_role_offcanvas_mobile=\u00bbno\u00bb wd_column_role_content_desktop=\u00bbno\u00bb wd_column_role_content_tablet=\u00bbno\u00bb wd_column_role_content_mobile=\u00bbno\u00bb mobile_bg_img_hidden=\u00bbno\u00bb tablet_bg_img_hidden=\u00bbno\u00bb woodmart_parallax=\u00bb0&#8243; woodmart_box_shadow=\u00bbno\u00bb responsive_spacing=\u00bbeyJwYXJhbV90eXBlIjoid29vZG1hcnRfcmVzcG9uc2l2ZV9zcGFjaW5nIiwic2VsZWN0b3JfaWQiOiI2ODQ0Zjk1M2M1MjYyIiwic2hvcnRjb2RlIjoidmNfY29sdW1uIiwiZGF0YSI6eyJ0YWJsZXQiOnt9LCJtb2JpbGUiOnt9fX0=\u00bb mobile_reset_margin=\u00bbno\u00bb tablet_reset_margin=\u00bbno\u00bb wd_z_index=\u00bbno\u00bb]<div class=\"cq-infoblock cq-infoblock-avapos-left cq-infoblock-bar-float cq-infoblock-avatar-medium cq-infoblock-shape-square  vc_custom_1750372644718\" style=\"background-image:url();background-color:#0000001C;\" data-iconcolor=\"\" data-iconbg=\"\" data-iconhovercolor=\"\" data-iconhoverbg=\"\" data-bghovercolor=\"\" data-barhoverbg=\"\" data-bgcolor=\"#0000001C\" data-barbgcolor=\"\"><div class=\"cq-infoblock-content\" style=\"background-color:#0000001C;\"><div class=\"cq-infoblock-textcontainer\"><span class=\"cq-infoblock-iconarea\" style=\"background-color:;background-image:url()\"><i class=\"cq-infoblock-icon entypo-icon entypo-icon-info\" style=\"color:;\"><\/i><\/span><div class=\"cq-infoblock-text\"><strong data-start=\"295\" data-end=\"439\">\u00bfTe has preguntado cu\u00e1ntos clientes potenciales buscan tus productos o servicios en internet y no te encuentran por no tener una p\u00e1gina web?<\/strong><br data-start=\"439\" data-end=\"442\" \/>En un mundo donde todo se busca en Google, no tener presencia digital puede significar pasar completamente desapercibido.<\/div><\/div> <\/div><\/div>[\/vc_column][vc_column width=\u00bb1\/3&#8243;]<div class=\"cq-infoblock cq-infoblock-avapos-left cq-infoblock-bar-float cq-infoblock-avatar-medium cq-infoblock-shape-square  vc_custom_1750372672543\" style=\"background-image:url();background-color:#0000001C;\" data-iconcolor=\"\" data-iconbg=\"\" data-iconhovercolor=\"\" data-iconhoverbg=\"\" data-bghovercolor=\"\" data-barhoverbg=\"\" data-bgcolor=\"#0000001C\" data-barbgcolor=\"\"><div class=\"cq-infoblock-content\" style=\"background-color:#0000001C;\"><div class=\"cq-infoblock-textcontainer\"><span class=\"cq-infoblock-iconarea\" style=\"background-color:;background-image:url()\"><i class=\"cq-infoblock-icon entypo-icon entypo-icon-newspaper\" style=\"color:;\"><\/i><\/span><div class=\"cq-infoblock-text\"><strong data-start=\"860\" data-end=\"995\">\u00bfCu\u00e1ntas ventas podr\u00edas estar perdiendo simplemente por no estar disponible en l\u00ednea las 24 horas del d\u00eda, los 7 d\u00edas de la semana?<\/strong><br data-start=\"995\" data-end=\"998\" \/>Una p\u00e1gina web no cierra, no se va de vacaciones, y permite que tus clientes te conozcan, consulten y compren en cualquier momento.<\/div><\/div> <\/div><\/div>[\/vc_column][\/vc_row][vc_row][vc_column]\n\t\t<div id=\"wd-685497610d5a4\" class=\"title-wrapper wd-wpb wd-set-mb reset-last-child  wd-rs-685497610d5a4 wd-title-color-primary wd-title-style-underlined text-center vc_custom_1750374252575 wd-underline-colored\">\n\t\t\t\n\t\t\t<div class=\"liner-continer\">\n\t\t\t\t<h4 class=\"woodmart-title-container title  wd-font-weight- wd-fontsize-xxl\" >Mantenimiento de P\u00e1ginas WooCommerce<\/h4>\n\t\t\t\t\t\t\t<\/div>\n\t\t\t\n\t\t\t\n\t\t\t\n\t\t<\/div>\n\t\t\n\t\t[vc_column_text css=\u00bb\u00bb woodmart_inline=\u00bbno\u00bb text_larger=\u00bbno\u00bb]<\/p>\n<h3 data-start=\"252\" data-end=\"303\">Ventajas y Beneficios para tu Tienda en L\u00ednea<\/h3>\n<p data-start=\"305\" data-end=\"566\">Tener una tienda en l\u00ednea con WooCommerce es solo el primer paso. Para asegurar que funcione de forma segura, r\u00e1pida y sin errores, el <strong data-start=\"440\" data-end=\"465\">mantenimiento regular<\/strong> es fundamental. A continuaci\u00f3n, te explicamos <strong data-start=\"512\" data-end=\"537\">por qu\u00e9 es importante<\/strong> y los beneficios que ofrece:<\/p>\n<p>[\/vc_column_text][vc_row_inner][vc_column_inner width=\u00bb1\/2&#8243;][vc_column_text css=\u00bb\u00bb woodmart_inline=\u00bbno\u00bb text_larger=\u00bbno\u00bb]<\/p>\n<h3 data-start=\"573\" data-end=\"603\">\ud83d\udd12 1. Seguridad permanente<\/h3>\n<p data-start=\"604\" data-end=\"775\">WooCommerce, WordPress y sus plugins reciben actualizaciones frecuentes. El mantenimiento evita vulnerabilidades y protege tu tienda frente a <strong data-start=\"746\" data-end=\"774\">hackeos, virus y fraudes<\/strong>.<\/p>\n<hr data-start=\"777\" data-end=\"780\" \/>\n<h3 data-start=\"782\" data-end=\"821\">\ud83d\ude80 2. Mejor rendimiento y velocidad<\/h3>\n<p data-start=\"822\" data-end=\"953\">Con el mantenimiento adecuado, tu tienda <strong data-start=\"863\" data-end=\"883\">carga m\u00e1s r\u00e1pido<\/strong>, lo que mejora la experiencia del usuario y aumenta las conversiones.<\/p>\n<hr data-start=\"955\" data-end=\"958\" \/>\n<h3 data-start=\"960\" data-end=\"1006\">\ud83d\udce6 3. Actualizaci\u00f3n de productos y plugins<\/h3>\n<p data-start=\"1007\" data-end=\"1144\">Mantener plugins, pasarelas de pago, m\u00e9todos de env\u00edo y productos actualizados <strong data-start=\"1086\" data-end=\"1129\">garantiza que todo funcione sin errores<\/strong> ni conflictos.<\/p>\n<hr data-start=\"1146\" data-end=\"1149\" \/>\n<h3 data-start=\"1151\" data-end=\"1201\">\ud83d\udcca 4. Prevenci\u00f3n de ca\u00eddas y p\u00e9rdidas de venta<\/h3>\n<p data-start=\"1202\" data-end=\"1350\">Una tienda ca\u00edda o con errores t\u00e9cnicos puede costarte ventas. El mantenimiento <strong data-start=\"1282\" data-end=\"1325\">previene problemas antes de que ocurran<\/strong>, asegurando continuidad.<\/p>\n<hr data-start=\"1352\" data-end=\"1355\" \/>\n<h3 data-start=\"1357\" data-end=\"1398\">\ud83d\udcbe 5. Copias de seguridad autom\u00e1ticas<\/h3>\n<p data-start=\"1399\" data-end=\"1537\">Contar con backups regulares te permite <strong data-start=\"1439\" data-end=\"1472\">restaurar tu sitio f\u00e1cilmente<\/strong> si ocurre alg\u00fan error, evitando p\u00e9rdidas de informaci\u00f3n cr\u00edtica.<\/p>\n<p>[\/vc_column_text][\/vc_column_inner][vc_column_inner width=\u00bb1\/2&#8243;][vc_column_text css=\u00bb\u00bb woodmart_inline=\u00bbno\u00bb text_larger=\u00bbno\u00bb]<\/p>\n<h3 data-start=\"1544\" data-end=\"1577\">\ud83e\uddf9 6. Limpieza y optimizaci\u00f3n<\/h3>\n<p data-start=\"1578\" data-end=\"1733\">El mantenimiento incluye <strong data-start=\"1603\" data-end=\"1686\">limpieza de base de datos, revisi\u00f3n de enlaces rotos y optimizaci\u00f3n de im\u00e1genes<\/strong>, lo que mejora el SEO y la velocidad de carga.<\/p>\n<hr data-start=\"1735\" data-end=\"1738\" \/>\n<h3 data-start=\"1740\" data-end=\"1775\">\ud83d\udcc8 7. Soporte t\u00e9cnico constante<\/h3>\n<p data-start=\"1776\" data-end=\"1928\">Tener un profesional a cargo del mantenimiento significa <strong data-start=\"1833\" data-end=\"1855\">soluciones r\u00e1pidas<\/strong> ante cualquier imprevisto y actualizaciones t\u00e9cnicas sin complicaciones.<\/p>\n<hr data-start=\"1930\" data-end=\"1933\" \/>\n<h3 data-start=\"1935\" data-end=\"1974\">\ud83d\uded2 8. Mejora continua del eCommerce<\/h3>\n<p data-start=\"1975\" data-end=\"2120\">A trav\u00e9s del mantenimiento puedes aplicar mejoras progresivas en el dise\u00f1o, usabilidad, funcionalidades y an\u00e1lisis de comportamiento del cliente.<\/p>\n<hr data-start=\"2122\" data-end=\"2125\" \/>\n<h3 data-start=\"2127\" data-end=\"2172\">\ud83c\udfaf 9. \u00bfPor qu\u00e9 es una inversi\u00f3n inteligente?<\/h3>\n<p data-start=\"2173\" data-end=\"2342\">El mantenimiento WooCommerce <strong data-start=\"2202\" data-end=\"2293\">ahorra tiempo, evita p\u00e9rdidas, mejora la experiencia del cliente y potencia tus ventas.<\/strong> Es una inversi\u00f3n que protege tu negocio digital.<\/p>\n<p>[\/vc_column_text][\/vc_column_inner][\/vc_row_inner][\/vc_column][\/vc_row]<\/p>\n<\/div>","protected":false},"excerpt":{"rendered":"<p>[vc_row][vc_column width=\u00bb1\/2&#8243;][vc_column_text css=\u00bb\u00bb woodmart_inline=\u00bbno\u00bb text_larger=\u00bbno\u00bb] Hoy en d\u00eda la nueva tendencia en cuanto a dise\u00f1o web y tiendas On Line<\/p>\n","protected":false},"author":1,"featured_media":0,"parent":0,"menu_order":0,"comment_status":"closed","ping_status":"closed","template":"","meta":{"_joinchat":[],"footnotes":""},"class_list":["post-9447","page","type-page","status-publish","hentry"],"_links":{"self":[{"href":"https:\/\/marcaymercado.com\/website\/wp-json\/wp\/v2\/pages\/9447","targetHints":{"allow":["GET"]}}],"collection":[{"href":"https:\/\/marcaymercado.com\/website\/wp-json\/wp\/v2\/pages"}],"about":[{"href":"https:\/\/marcaymercado.com\/website\/wp-json\/wp\/v2\/types\/page"}],"author":[{"embeddable":true,"href":"https:\/\/marcaymercado.com\/website\/wp-json\/wp\/v2\/users\/1"}],"replies":[{"embeddable":true,"href":"https:\/\/marcaymercado.com\/website\/wp-json\/wp\/v2\/comments?post=9447"}],"version-history":[{"count":6,"href":"https:\/\/marcaymercado.com\/website\/wp-json\/wp\/v2\/pages\/9447\/revisions"}],"predecessor-version":[{"id":9667,"href":"https:\/\/marcaymercado.com\/website\/wp-json\/wp\/v2\/pages\/9447\/revisions\/9667"}],"wp:attachment":[{"href":"https:\/\/marcaymercado.com\/website\/wp-json\/wp\/v2\/media?parent=9447"}],"curies":[{"name":"wp","href":"https:\/\/api.w.org\/{rel}","templated":true}]}}