{"id":9445,"date":"2021-08-25T07:26:28","date_gmt":"2021-08-25T05:26:28","guid":{"rendered":"https:\/\/marcaymercado.com\/website\/?page_id=9445"},"modified":"2025-06-20T01:31:59","modified_gmt":"2025-06-19T23:31:59","slug":"correos-corporativos","status":"publish","type":"page","link":"https:\/\/marcaymercado.com\/website\/correos-corporativos\/","title":{"rendered":"CORREOS CORPORATIVOS"},"content":{"rendered":"<div class=\"wpb-content-wrapper\"><p>[vc_row][vc_column]\n\t\t<div id=\"wd-685498e86b562\" class=\"title-wrapper wd-wpb wd-set-mb reset-last-child  wd-rs-685498e86b562 wd-title-color-primary wd-title-style-underlined text-center vc_custom_1750374646537 wd-underline-colored\">\n\t\t\t\n\t\t\t<div class=\"liner-continer\">\n\t\t\t\t<h4 class=\"woodmart-title-container title  wd-font-weight- wd-fontsize-xxl\" >\u00bfPor qu\u00e9 es importante tener correos corporativos?<\/h4>\n\t\t\t\t\t\t\t<\/div>\n\t\t\t\n\t\t\t\n\t\t\t\n\t\t<\/div>\n\t\t\n\t\t[vc_column_text css=\u00bb\u00bb woodmart_inline=\u00bbno\u00bb text_larger=\u00bbno\u00bb]Tener un correo corporativo (por ejemplo: <strong data-start=\"258\" data-end=\"282\"><a class=\"cursor-pointer\" rel=\"noopener\" data-start=\"260\" data-end=\"280\">ventas@tunegocio.com<\/a><\/strong>) es mucho m\u00e1s que un detalle t\u00e9cnico: es una <strong data-start=\"328\" data-end=\"420\">herramienta profesional clave para la comunicaci\u00f3n, la confianza y la identidad de marca<\/strong>. A continuaci\u00f3n, te mostramos por qu\u00e9 es fundamental contar con uno:[\/vc_column_text][vc_row_inner][vc_column_inner width=\u00bb1\/2&#8243;][vc_column_text css=\u00bb\u00bb woodmart_inline=\u00bbno\u00bb text_larger=\u00bbno\u00bb]<\/p>\n<h3 data-start=\"496\" data-end=\"543\">\ud83d\udcbc 1. Proyecta profesionalismo y seriedad<\/h3>\n<p data-start=\"544\" data-end=\"701\">Un correo con tu propio dominio genera una <strong data-start=\"587\" data-end=\"616\">imagen s\u00f3lida y confiable<\/strong>. No es lo mismo escribir desde <a class=\"cursor-pointer\" rel=\"noopener\" data-start=\"648\" data-end=\"667\">tunegocio@gmail.com<\/a> que desde <a class=\"cursor-pointer\" rel=\"noopener\" data-start=\"678\" data-end=\"700\">contacto@tunegocio.com<\/a>.<\/p>\n<hr data-start=\"703\" data-end=\"706\" \/>\n<h3 data-start=\"708\" data-end=\"745\">\ud83d\udd10 2. Mayor seguridad y control<\/h3>\n<p data-start=\"746\" data-end=\"918\">Los correos corporativos son gestionados desde plataformas seguras y privadas, lo que <strong data-start=\"832\" data-end=\"917\">reduce el riesgo de suplantaci\u00f3n, p\u00e9rdida de informaci\u00f3n o accesos no autorizados<\/strong>.<\/p>\n<hr data-start=\"920\" data-end=\"923\" \/>\n<h3 data-start=\"925\" data-end=\"954\">\ud83e\udde0 3. Refuerza tu marca<\/h3>\n<p data-start=\"955\" data-end=\"1112\">Cada vez que env\u00edas un correo, est\u00e1s promoviendo tu marca. Usar tu dominio personalizado hace que tu empresa <strong data-start=\"1064\" data-end=\"1111\">se recuerde m\u00e1s f\u00e1cilmente y gane presencia<\/strong>.<\/p>\n<hr data-start=\"1114\" data-end=\"1117\" \/>\n<h3 data-start=\"1119\" data-end=\"1169\">\ud83d\udcca 4. Organizaci\u00f3n por \u00e1reas o departamentos<\/h3>\n<p data-start=\"1170\" data-end=\"1340\">Puedes crear cuentas como soporte@, ventas@, facturacion@, lo que mejora la atenci\u00f3n y la organizaci\u00f3n interna, <strong data-start=\"1282\" data-end=\"1339\">dando estructura a tu empresa incluso si eres peque\u00f1o<\/strong>.<\/p>\n<p>[\/vc_column_text][\/vc_column_inner][vc_column_inner width=\u00bb1\/2&#8243;][vc_column_text css=\u00bb\u00bb woodmart_inline=\u00bbno\u00bb text_larger=\u00bbno\u00bb]<\/p>\n<h3 data-start=\"1347\" data-end=\"1386\">\ud83d\udce5 5. Mayor confianza del cliente<\/h3>\n<p data-start=\"1387\" data-end=\"1543\">Los usuarios tienden a confiar m\u00e1s en correos corporativos que en cuentas gratuitas, lo que <strong data-start=\"1479\" data-end=\"1526\">aumenta la tasa de respuesta y credibilidad<\/strong> de tus mensajes.<\/p>\n<hr data-start=\"1545\" data-end=\"1548\" \/>\n<h3 data-start=\"1550\" data-end=\"1597\">\ud83d\udcc8 6. Facilita el crecimiento del negocio<\/h3>\n<p data-start=\"1598\" data-end=\"1750\">Al tener correos bajo un dominio propio, puedes escalar tu equipo f\u00e1cilmente y asignar cuentas a nuevos colaboradores sin perder uniformidad ni control.<\/p>\n<hr data-start=\"1752\" data-end=\"1755\" \/>\n<h3 data-start=\"1757\" data-end=\"1810\">\ud83d\udd04 7. Compatible con herramientas empresariales<\/h3>\n<p data-start=\"1811\" data-end=\"2001\">Los correos corporativos pueden integrarse con plataformas como Google Workspace, Outlook, CRMs y sistemas de gesti\u00f3n, facilitando la <strong data-start=\"1945\" data-end=\"1984\">automatizaci\u00f3n y profesionalizaci\u00f3n<\/strong> de tus procesos.<\/p>\n<p>[\/vc_column_text][\/vc_column_inner][\/vc_row_inner][\/vc_column][\/vc_row][vc_row gap=\u00bb15&#8243; woodmart_stretch_content=\u00bbsection-stretch\u00bb css=\u00bb.vc_custom_1749350776049{background-color: #DF0209 !important;}\u00bb woodmart_css_id=\u00bb6844f9740a5d1&#8243; responsive_spacing=\u00bbeyJwYXJhbV90eXBlIjoid29vZG1hcnRfcmVzcG9uc2l2ZV9zcGFjaW5nIiwic2VsZWN0b3JfaWQiOiI2ODQ0Zjk3NDBhNWQxIiwic2hvcnRjb2RlIjoidmNfcm93IiwiZGF0YSI6eyJ0YWJsZXQiOnt9LCJtb2JpbGUiOnt9fX0=\u00bb mobile_bg_img_hidden=\u00bbno\u00bb tablet_bg_img_hidden=\u00bbno\u00bb woodmart_parallax=\u00bb0&#8243; woodmart_gradient_switch=\u00bbno\u00bb woodmart_box_shadow=\u00bbno\u00bb wd_z_index=\u00bbno\u00bb woodmart_disable_overflow=\u00bb0&#8243; row_reverse_mobile=\u00bb0&#8243; row_reverse_tablet=\u00bb0&#8243;][vc_column width=\u00bb1\/3&#8243; css=\u00bb.vc_custom_1750372720399{margin: 20px !important;}\u00bb woodmart_css_id=\u00bb685491681fc8a\u00bb parallax_scroll=\u00bbno\u00bb woodmart_sticky_column=\u00bbfalse\u00bb wd_collapsible_content_switcher=\u00bbno\u00bb wd_column_role_offcanvas_desktop=\u00bbno\u00bb wd_column_role_offcanvas_tablet=\u00bbno\u00bb wd_column_role_offcanvas_mobile=\u00bbno\u00bb wd_column_role_content_desktop=\u00bbno\u00bb wd_column_role_content_tablet=\u00bbno\u00bb wd_column_role_content_mobile=\u00bbno\u00bb mobile_bg_img_hidden=\u00bbno\u00bb tablet_bg_img_hidden=\u00bbno\u00bb woodmart_parallax=\u00bb0&#8243; woodmart_box_shadow=\u00bbno\u00bb responsive_spacing=\u00bbeyJwYXJhbV90eXBlIjoid29vZG1hcnRfcmVzcG9uc2l2ZV9zcGFjaW5nIiwic2VsZWN0b3JfaWQiOiI2ODU0OTE2ODFmYzhhIiwic2hvcnRjb2RlIjoidmNfY29sdW1uIiwiZGF0YSI6eyJ0YWJsZXQiOnt9LCJtb2JpbGUiOnt9fX0=\u00bb mobile_reset_margin=\u00bbno\u00bb tablet_reset_margin=\u00bbno\u00bb wd_z_index=\u00bbno\u00bb]\n\t\t<div id=\"wd-685490afa91fb\" class=\"title-wrapper wd-wpb wd-set-mb reset-last-child  wd-rs-685490afa91fb wd-title-color-alt wd-title-style-default text-center  wd-underline-colored\">\n\t\t\t\n\t\t\t<div class=\"liner-continer\">\n\t\t\t\t<h4 class=\"woodmart-title-container title  wd-font-weight- wd-fontsize-xl\" >Escrtibenos a nuestro Agente Comercial<\/h4>\n\t\t\t\t\t\t\t<\/div>\n\t\t\t\n\t\t\t\n\t\t\t\n\t\t<\/div>\n\t\t\n\t\t<div id=\"wd-684615bbc8127\" class=\" wd-rs-684615bbc8127 vc_custom_1749423562270 wd-button-wrapper text-center\"><a href=\"https:\/\/marcaymercado.com\/website\/contacto\/\" title=\"CONTACTO\" class=\"btn btn-color-black btn-style-3d btn-shape-rectangle btn-size-small\">CONT\u00c1CTANOS<\/a><\/div>[\/vc_column][vc_column width=\u00bb1\/3&#8243; woodmart_css_id=\u00bb6844f953c5262&#8243; parallax_scroll=\u00bbno\u00bb woodmart_sticky_column=\u00bbfalse\u00bb wd_collapsible_content_switcher=\u00bbno\u00bb wd_column_role_offcanvas_desktop=\u00bbno\u00bb wd_column_role_offcanvas_tablet=\u00bbno\u00bb wd_column_role_offcanvas_mobile=\u00bbno\u00bb wd_column_role_content_desktop=\u00bbno\u00bb wd_column_role_content_tablet=\u00bbno\u00bb wd_column_role_content_mobile=\u00bbno\u00bb mobile_bg_img_hidden=\u00bbno\u00bb tablet_bg_img_hidden=\u00bbno\u00bb woodmart_parallax=\u00bb0&#8243; woodmart_box_shadow=\u00bbno\u00bb responsive_spacing=\u00bbeyJwYXJhbV90eXBlIjoid29vZG1hcnRfcmVzcG9uc2l2ZV9zcGFjaW5nIiwic2VsZWN0b3JfaWQiOiI2ODQ0Zjk1M2M1MjYyIiwic2hvcnRjb2RlIjoidmNfY29sdW1uIiwiZGF0YSI6eyJ0YWJsZXQiOnt9LCJtb2JpbGUiOnt9fX0=\u00bb mobile_reset_margin=\u00bbno\u00bb tablet_reset_margin=\u00bbno\u00bb wd_z_index=\u00bbno\u00bb]<div class=\"cq-infoblock cq-infoblock-avapos-left cq-infoblock-bar-float cq-infoblock-avatar-medium cq-infoblock-shape-square  vc_custom_1750374919763\" style=\"background-image:url();background-color:#0000001C;\" data-iconcolor=\"\" data-iconbg=\"\" data-iconhovercolor=\"\" data-iconhoverbg=\"\" data-bghovercolor=\"\" data-barhoverbg=\"\" data-bgcolor=\"#0000001C\" data-barbgcolor=\"\"><div class=\"cq-infoblock-content\" style=\"background-color:#0000001C;\"><div class=\"cq-infoblock-textcontainer\"><span class=\"cq-infoblock-iconarea\" style=\"background-color:;background-image:url()\"><i class=\"cq-infoblock-icon entypo-icon entypo-icon-info\" style=\"color:;\"><\/i><\/span><div class=\"cq-infoblock-text\"><\/p>\n<p data-start=\"121\" data-end=\"266\"><strong data-start=\"121\" data-end=\"264\">\u00bfC\u00f3mo afecta la imagen profesional de la empresa el uso de correos gen\u00e9ricos como Gmail o Hotmail en lugar de un correo con dominio propio?<\/strong><\/p>\n<blockquote data-start=\"270\" data-end=\"433\">\n<p data-start=\"272\" data-end=\"433\">Esta pregunta invita a pensar en la <strong data-start=\"308\" data-end=\"336\">credibilidad y confianza<\/strong> que transmite un correo corporativo frente a uno gratuito.<\/p>\n<\/blockquote>\n<p><\/div><\/div> <\/div><\/div>[\/vc_column][vc_column width=\u00bb1\/3&#8243;]<div class=\"cq-infoblock cq-infoblock-avapos-left cq-infoblock-bar-float cq-infoblock-avatar-medium cq-infoblock-shape-square  vc_custom_1750375356672\" style=\"background-image:url();background-color:#0000001C;\" data-iconcolor=\"\" data-iconbg=\"\" data-iconhovercolor=\"\" data-iconhoverbg=\"\" data-bghovercolor=\"\" data-barhoverbg=\"\" data-bgcolor=\"#0000001C\" data-barbgcolor=\"\"><div class=\"cq-infoblock-content\" style=\"background-color:#0000001C;\"><div class=\"cq-infoblock-textcontainer\"><span class=\"cq-infoblock-iconarea\" style=\"background-color:;background-image:url()\"><i class=\"cq-infoblock-icon entypo-icon entypo-icon-newspaper\" style=\"color:;\"><\/i><\/span><div class=\"cq-infoblock-text\"><\/p>\n<p data-start=\"438\" data-end=\"591\"><strong data-start=\"438\" data-end=\"589\">\u00bfQu\u00e9 tan seguro y controlado est\u00e1 el intercambio de informaci\u00f3n empresarial si los empleados usan correos personales para comunicaciones oficiales?<\/strong><\/p>\n<blockquote data-start=\"595\" data-end=\"773\">\n<p data-start=\"597\" data-end=\"773\">Este cuestionante pone en duda la <strong data-start=\"631\" data-end=\"663\">seguridad y confidencialidad<\/strong> de la informaci\u00f3n, as\u00ed como el <strong data-start=\"695\" data-end=\"714\">control interno<\/strong>.<\/p>\n<\/blockquote>\n<p><\/div><\/div> <\/div><\/div>[\/vc_column][\/vc_row]<\/p>\n<\/div>","protected":false},"excerpt":{"rendered":"<p>[vc_row][vc_column][vc_column_text css=\u00bb\u00bb woodmart_inline=\u00bbno\u00bb text_larger=\u00bbno\u00bb]Tener un correo corporativo (por ejemplo: ventas@tunegocio.com) es mucho m\u00e1s que un detalle t\u00e9cnico: es una herramienta<\/p>\n","protected":false},"author":1,"featured_media":0,"parent":0,"menu_order":0,"comment_status":"closed","ping_status":"closed","template":"","meta":{"_joinchat":[],"footnotes":""},"class_list":["post-9445","page","type-page","status-publish","hentry"],"_links":{"self":[{"href":"https:\/\/marcaymercado.com\/website\/wp-json\/wp\/v2\/pages\/9445","targetHints":{"allow":["GET"]}}],"collection":[{"href":"https:\/\/marcaymercado.com\/website\/wp-json\/wp\/v2\/pages"}],"about":[{"href":"https:\/\/marcaymercado.com\/website\/wp-json\/wp\/v2\/types\/page"}],"author":[{"embeddable":true,"href":"https:\/\/marcaymercado.com\/website\/wp-json\/wp\/v2\/users\/1"}],"replies":[{"embeddable":true,"href":"https:\/\/marcaymercado.com\/website\/wp-json\/wp\/v2\/comments?post=9445"}],"version-history":[{"count":6,"href":"https:\/\/marcaymercado.com\/website\/wp-json\/wp\/v2\/pages\/9445\/revisions"}],"predecessor-version":[{"id":9669,"href":"https:\/\/marcaymercado.com\/website\/wp-json\/wp\/v2\/pages\/9445\/revisions\/9669"}],"wp:attachment":[{"href":"https:\/\/marcaymercado.com\/website\/wp-json\/wp\/v2\/media?parent=9445"}],"curies":[{"name":"wp","href":"https:\/\/api.w.org\/{rel}","templated":true}]}}