{"id":9443,"date":"2021-08-25T07:26:28","date_gmt":"2021-08-25T05:26:28","guid":{"rendered":"https:\/\/marcaymercado.com\/website\/?page_id=9443"},"modified":"2025-06-20T00:49:03","modified_gmt":"2025-06-19T22:49:03","slug":"paginas-webs","status":"publish","type":"page","link":"https:\/\/marcaymercado.com\/website\/paginas-webs\/","title":{"rendered":"PAGINAS WEBS"},"content":{"rendered":"<div class=\"wpb-content-wrapper\"><p>[vc_row][vc_column]\n\t\t<div id=\"wd-68548e1feaa3a\" class=\"title-wrapper wd-wpb wd-set-mb reset-last-child  wd-rs-68548e1feaa3a wd-title-color-primary wd-title-style-underlined text-center vc_custom_1750371884348 wd-underline-colored\">\n\t\t\t\n\t\t\t<div class=\"liner-continer\">\n\t\t\t\t<h4 class=\"woodmart-title-container title  wd-font-weight- wd-fontsize-xxl\" >Desarrollo de Paginas Webs<\/h4>\n\t\t\t\t\t\t\t<\/div>\n\t\t\t\n\t\t\t\n\t\t\t\n\t\t<\/div>\n\t\t\n\t\t[vc_column_text css=\u00bb\u00bb woodmart_inline=\u00bbno\u00bb text_larger=\u00bbno\u00bb]<\/p>\n<p class=\"relaweyli\" style=\"text-align: center;\">Marca y Mercado\u00a0es una empresa especializada en servicio de dise\u00f1o de p\u00e1ginas Web, dise\u00f1o de imagen corporativa virtual, dise\u00f1o multimedia y Alojamiento Web. Trabajamos desde el a\u00f1o 2003 y contamos con mucha experiencia en el campo en el desarrollo de sitios Web a grandes, medianas y peque\u00f1as empresas de forma vers\u00e1til, moderna y exclusiva para los gustos m\u00e1s exigentes, asesor\u00e1ndole y ajust\u00e1ndonos a sus necesidades. Contamos con un departamento especializado en asesor\u00eda completa en Dise\u00f1o Web, aplicaciones interactivas como: Comercio Electr\u00f3nico, Administrador de contenido, Cat\u00e1logos de Productos, Tiendas On Line, Galer\u00edas de Im\u00e1genes y Portales Web.<\/p>\n<p class=\"relaweyli\" style=\"text-align: center;\">En\u00a0Marca y Mercado\u00a0somos especialistas en dise\u00f1o de p\u00e1ginas web. Asumimos la responsabilidad de que su website es la imagen de su empresa en Internet, por ello se realiza el dise\u00f1o de p\u00e1ginas web acorde con su imagen corporativa, de r\u00e1pida descarga, f\u00e1ciles de navegar y con gran creatividad, utilizando las \u00faltimas tecnolog\u00edas<\/p>\n<p class=\"relaweyli\" style=\"text-align: center;\">Trabajamos en m\u00faltiples tipo de plataformas a necesidad del cliente dependiendo su presupuesto y caracter\u00edsticas necesarias para su p\u00e1gina web.<\/p>\n<p>[\/vc_column_text][vc_row_inner][vc_column_inner width=\u00bb1\/2&#8243;][vc_column_text css=\u00bb\u00bb woodmart_inline=\u00bbno\u00bb text_larger=\u00bbno\u00bb]<\/p>\n<h4 data-start=\"473\" data-end=\"506\">\ud83c\udf10 1. Presencia las 24 horas<\/h4>\n<p data-start=\"507\" data-end=\"692\">Una p\u00e1gina web est\u00e1 disponible <strong data-start=\"538\" data-end=\"556\">todo el tiempo<\/strong>, permitiendo que tus clientes te encuentren y conozcan tus servicios o productos en cualquier momento, sin importar la hora o el lugar.<\/p>\n<h4 data-start=\"694\" data-end=\"725\">\ud83d\udcf1 2. Accesibilidad global<\/h4>\n<p data-start=\"726\" data-end=\"871\">Con una web puedes llegar a <strong data-start=\"754\" data-end=\"786\">m\u00e1s personas, en m\u00e1s lugares<\/strong>, sin l\u00edmites geogr\u00e1ficos. Esto ampl\u00eda tus posibilidades de ventas y posicionamiento.<\/p>\n<h4 data-start=\"873\" data-end=\"902\">\ud83d\udcbc 3. Imagen profesional<\/h4>\n<p data-start=\"903\" data-end=\"1049\">Tener un sitio web bien dise\u00f1ado genera <strong data-start=\"943\" data-end=\"971\">confianza y credibilidad<\/strong>, mostrando que eres una marca seria, moderna y comprometida con sus clientes.<\/p>\n<h4 data-start=\"1051\" data-end=\"1093\">\ud83d\udd0d 4. Mejor visibilidad en buscadores<\/h4>\n<p data-start=\"1094\" data-end=\"1258\">Una p\u00e1gina web optimizada te ayuda a <strong data-start=\"1131\" data-end=\"1153\">aparecer en Google<\/strong>, lo que permite que m\u00e1s personas encuentren tu negocio cuando buscan productos o servicios relacionados.<\/p>\n<p>[\/vc_column_text][\/vc_column_inner][vc_column_inner width=\u00bb1\/2&#8243;][vc_column_text css=\u00bb\u00bb woodmart_inline=\u00bbno\u00bb text_larger=\u00bbno\u00bb]<\/p>\n<h4 data-start=\"1260\" data-end=\"1298\">\ud83d\udcca 5. Canal de ventas y marketing<\/h4>\n<p data-start=\"1299\" data-end=\"1475\">Puedes usar tu web como tienda en l\u00ednea, generar contactos (leads), integrar redes sociales, campa\u00f1as publicitarias, y medir resultados f\u00e1cilmente con herramientas de an\u00e1lisis.<\/p>\n<h4 data-start=\"1477\" data-end=\"1517\">\ud83e\udde0 6. Control total de tu contenido<\/h4>\n<p data-start=\"1518\" data-end=\"1650\">A diferencia de las redes sociales, en tu p\u00e1gina web t\u00fa decides c\u00f3mo mostrar tu informaci\u00f3n, qu\u00e9 destacar y c\u00f3mo contar tu historia.<\/p>\n<h4 data-start=\"1652\" data-end=\"1681\">\ud83d\udcb0 7. Inversi\u00f3n rentable<\/h4>\n<p data-start=\"1682\" data-end=\"1863\">Una web profesional es una inversi\u00f3n a largo plazo que puede ayudarte a <strong data-start=\"1754\" data-end=\"1785\">generar ingresos constantes<\/strong>, atraer nuevos clientes y mejorar tu posicionamiento frente a la competencia.<\/p>\n<p>[\/vc_column_text][\/vc_column_inner][\/vc_row_inner][\/vc_column][\/vc_row][vc_row gap=\u00bb15&#8243; woodmart_stretch_content=\u00bbsection-stretch\u00bb css=\u00bb.vc_custom_1749350776049{background-color: #DF0209 !important;}\u00bb woodmart_css_id=\u00bb6844f9740a5d1&#8243; responsive_spacing=\u00bbeyJwYXJhbV90eXBlIjoid29vZG1hcnRfcmVzcG9uc2l2ZV9zcGFjaW5nIiwic2VsZWN0b3JfaWQiOiI2ODQ0Zjk3NDBhNWQxIiwic2hvcnRjb2RlIjoidmNfcm93IiwiZGF0YSI6eyJ0YWJsZXQiOnt9LCJtb2JpbGUiOnt9fX0=\u00bb mobile_bg_img_hidden=\u00bbno\u00bb tablet_bg_img_hidden=\u00bbno\u00bb woodmart_parallax=\u00bb0&#8243; woodmart_gradient_switch=\u00bbno\u00bb woodmart_box_shadow=\u00bbno\u00bb wd_z_index=\u00bbno\u00bb woodmart_disable_overflow=\u00bb0&#8243; row_reverse_mobile=\u00bb0&#8243; row_reverse_tablet=\u00bb0&#8243;][vc_column width=\u00bb1\/3&#8243; css=\u00bb.vc_custom_1750372720399{margin: 20px !important;}\u00bb woodmart_css_id=\u00bb685491681fc8a\u00bb parallax_scroll=\u00bbno\u00bb woodmart_sticky_column=\u00bbfalse\u00bb wd_collapsible_content_switcher=\u00bbno\u00bb wd_column_role_offcanvas_desktop=\u00bbno\u00bb wd_column_role_offcanvas_tablet=\u00bbno\u00bb wd_column_role_offcanvas_mobile=\u00bbno\u00bb wd_column_role_content_desktop=\u00bbno\u00bb wd_column_role_content_tablet=\u00bbno\u00bb wd_column_role_content_mobile=\u00bbno\u00bb mobile_bg_img_hidden=\u00bbno\u00bb tablet_bg_img_hidden=\u00bbno\u00bb woodmart_parallax=\u00bb0&#8243; woodmart_box_shadow=\u00bbno\u00bb responsive_spacing=\u00bbeyJwYXJhbV90eXBlIjoid29vZG1hcnRfcmVzcG9uc2l2ZV9zcGFjaW5nIiwic2VsZWN0b3JfaWQiOiI2ODU0OTE2ODFmYzhhIiwic2hvcnRjb2RlIjoidmNfY29sdW1uIiwiZGF0YSI6eyJ0YWJsZXQiOnt9LCJtb2JpbGUiOnt9fX0=\u00bb mobile_reset_margin=\u00bbno\u00bb tablet_reset_margin=\u00bbno\u00bb wd_z_index=\u00bbno\u00bb]\n\t\t<div id=\"wd-685490afa91fb\" class=\"title-wrapper wd-wpb wd-set-mb reset-last-child  wd-rs-685490afa91fb wd-title-color-alt wd-title-style-default text-center  wd-underline-colored\">\n\t\t\t\n\t\t\t<div class=\"liner-continer\">\n\t\t\t\t<h4 class=\"woodmart-title-container title  wd-font-weight- wd-fontsize-xl\" >Escrtibenos a nuestro Agente Comercial<\/h4>\n\t\t\t\t\t\t\t<\/div>\n\t\t\t\n\t\t\t\n\t\t\t\n\t\t<\/div>\n\t\t\n\t\t<div id=\"wd-684615bbc8127\" class=\" wd-rs-684615bbc8127 vc_custom_1749423562270 wd-button-wrapper text-center\"><a href=\"https:\/\/marcaymercado.com\/website\/contacto\/\" title=\"CONTACTO\" class=\"btn btn-color-black btn-style-3d btn-shape-rectangle btn-size-small\">CONT\u00c1CTANOS<\/a><\/div>[\/vc_column][vc_column width=\u00bb1\/3&#8243; woodmart_css_id=\u00bb6844f953c5262&#8243; parallax_scroll=\u00bbno\u00bb woodmart_sticky_column=\u00bbfalse\u00bb wd_collapsible_content_switcher=\u00bbno\u00bb wd_column_role_offcanvas_desktop=\u00bbno\u00bb wd_column_role_offcanvas_tablet=\u00bbno\u00bb wd_column_role_offcanvas_mobile=\u00bbno\u00bb wd_column_role_content_desktop=\u00bbno\u00bb wd_column_role_content_tablet=\u00bbno\u00bb wd_column_role_content_mobile=\u00bbno\u00bb mobile_bg_img_hidden=\u00bbno\u00bb tablet_bg_img_hidden=\u00bbno\u00bb woodmart_parallax=\u00bb0&#8243; woodmart_box_shadow=\u00bbno\u00bb responsive_spacing=\u00bbeyJwYXJhbV90eXBlIjoid29vZG1hcnRfcmVzcG9uc2l2ZV9zcGFjaW5nIiwic2VsZWN0b3JfaWQiOiI2ODQ0Zjk1M2M1MjYyIiwic2hvcnRjb2RlIjoidmNfY29sdW1uIiwiZGF0YSI6eyJ0YWJsZXQiOnt9LCJtb2JpbGUiOnt9fX0=\u00bb mobile_reset_margin=\u00bbno\u00bb tablet_reset_margin=\u00bbno\u00bb wd_z_index=\u00bbno\u00bb]<div class=\"cq-infoblock cq-infoblock-avapos-left cq-infoblock-bar-float cq-infoblock-avatar-medium cq-infoblock-shape-square  vc_custom_1750372644718\" style=\"background-image:url();background-color:#0000001C;\" data-iconcolor=\"\" data-iconbg=\"\" data-iconhovercolor=\"\" data-iconhoverbg=\"\" data-bghovercolor=\"\" data-barhoverbg=\"\" data-bgcolor=\"#0000001C\" data-barbgcolor=\"\"><div class=\"cq-infoblock-content\" style=\"background-color:#0000001C;\"><div class=\"cq-infoblock-textcontainer\"><span class=\"cq-infoblock-iconarea\" style=\"background-color:;background-image:url()\"><i class=\"cq-infoblock-icon entypo-icon entypo-icon-info\" style=\"color:;\"><\/i><\/span><div class=\"cq-infoblock-text\"><strong data-start=\"295\" data-end=\"439\">\u00bfTe has preguntado cu\u00e1ntos clientes potenciales buscan tus productos o servicios en internet y no te encuentran por no tener una p\u00e1gina web?<\/strong><br data-start=\"439\" data-end=\"442\" \/>En un mundo donde todo se busca en Google, no tener presencia digital puede significar pasar completamente desapercibido.<\/div><\/div> <\/div><\/div>[\/vc_column][vc_column width=\u00bb1\/3&#8243;]<div class=\"cq-infoblock cq-infoblock-avapos-left cq-infoblock-bar-float cq-infoblock-avatar-medium cq-infoblock-shape-square  vc_custom_1750372672543\" style=\"background-image:url();background-color:#0000001C;\" data-iconcolor=\"\" data-iconbg=\"\" data-iconhovercolor=\"\" data-iconhoverbg=\"\" data-bghovercolor=\"\" data-barhoverbg=\"\" data-bgcolor=\"#0000001C\" data-barbgcolor=\"\"><div class=\"cq-infoblock-content\" style=\"background-color:#0000001C;\"><div class=\"cq-infoblock-textcontainer\"><span class=\"cq-infoblock-iconarea\" style=\"background-color:;background-image:url()\"><i class=\"cq-infoblock-icon entypo-icon entypo-icon-newspaper\" style=\"color:;\"><\/i><\/span><div class=\"cq-infoblock-text\"><strong data-start=\"860\" data-end=\"995\">\u00bfCu\u00e1ntas ventas podr\u00edas estar perdiendo simplemente por no estar disponible en l\u00ednea las 24 horas del d\u00eda, los 7 d\u00edas de la semana?<\/strong><br data-start=\"995\" data-end=\"998\" \/>Una p\u00e1gina web no cierra, no se va de vacaciones, y permite que tus clientes te conozcan, consulten y compren en cualquier momento.<\/div><\/div> <\/div><\/div>[\/vc_column][\/vc_row][vc_row][vc_column]\n\t\t<div id=\"wd-68548e9b0d38d\" class=\"title-wrapper wd-wpb wd-set-mb reset-last-child  wd-rs-68548e9b0d38d wd-title-color-primary wd-title-style-underlined text-center vc_custom_1750372000756 wd-underline-colored\">\n\t\t\t\n\t\t\t<div class=\"liner-continer\">\n\t\t\t\t<h4 class=\"woodmart-title-container title  wd-font-weight- wd-fontsize-xxl\" >Paginas PERSONALIZADAS<\/h4>\n\t\t\t\t\t\t\t<\/div>\n\t\t\t\n\t\t\t\n\t\t\t\n\t\t<\/div>\n\t\t\n\t\t[vc_column_text css=\u00bb\u00bb woodmart_inline=\u00bbno\u00bb text_larger=\u00bbno\u00bb]<\/p>\n<p class=\"relaweyli\">Dise\u00f1amos tu web para que tu sitio Web sea perfecto y \u00fanico en red virtual WWW. En todos nuestros proyectos seguimos unas premisas principales para llegar al resultado esperado:<\/p>\n<ul class=\"relaweyli\">\n<li>Creamos la imagen con personalidad que refleje el estilo de tu negocio.<\/li>\n<li>Generamos sitios accesibles, de r\u00e1pido acceso e intuitivo en su uso.<\/li>\n<li>Analizamos cada aspecto para despu\u00e9s tratarlo con herramientas de dise\u00f1o Web.<\/li>\n<li>Lo m\u00e1s importante trabajamos en PROGRAMACION RESPONSIVE DESING, la importancia de adaptar tu sitio web para dispositivos m\u00f3viles.<\/li>\n<\/ul>\n<p class=\"relaweyli\">El aumento del uso del Internet y la extensa variedad de tablets y dispositivos m\u00f3viles, han hecho ver la gran necesidad de tener nuestro contenido web en los diferentes formatos.<\/p>\n<p class=\"relaweyli\">Pero hoy en d\u00eda la nueva tendencia en cuanto a dise\u00f1o web es Responsive Design, una plataforma que como su nombre lo dice responde el dise\u00f1o a la resoluci\u00f3n del dispositivo en el cual se est\u00e1 navegando. Esta plataforma mejora la experiencia de navegaci\u00f3n del usuario, adaptando y optimizando el contenido de la web al tama\u00f1o de la pantalla. Esta unificaci\u00f3n tiene un impacto positivo en el mensaje al usuario, ya que est\u00e1 familiarizado con la navegaci\u00f3n de la web en distintos dispositivos.<\/p>\n<p class=\"relaweyli\">Si lo que usted busca es una herramienta que lo ayude y una buena imagen corporativa nosotros somos la mejor opci\u00f3n, no dude en contactarnos.<\/p>\n<p>[\/vc_column_text][\/vc_column][\/vc_row]<\/p>\n<\/div>","protected":false},"excerpt":{"rendered":"<p>[vc_row][vc_column][vc_column_text css=\u00bb\u00bb woodmart_inline=\u00bbno\u00bb text_larger=\u00bbno\u00bb] Marca y Mercado\u00a0es una empresa especializada en servicio de dise\u00f1o de p\u00e1ginas Web, dise\u00f1o de imagen<\/p>\n","protected":false},"author":1,"featured_media":0,"parent":0,"menu_order":0,"comment_status":"closed","ping_status":"closed","template":"","meta":{"_joinchat":[],"footnotes":""},"class_list":["post-9443","page","type-page","status-publish","hentry"],"_links":{"self":[{"href":"https:\/\/marcaymercado.com\/website\/wp-json\/wp\/v2\/pages\/9443","targetHints":{"allow":["GET"]}}],"collection":[{"href":"https:\/\/marcaymercado.com\/website\/wp-json\/wp\/v2\/pages"}],"about":[{"href":"https:\/\/marcaymercado.com\/website\/wp-json\/wp\/v2\/types\/page"}],"author":[{"embeddable":true,"href":"https:\/\/marcaymercado.com\/website\/wp-json\/wp\/v2\/users\/1"}],"replies":[{"embeddable":true,"href":"https:\/\/marcaymercado.com\/website\/wp-json\/wp\/v2\/comments?post=9443"}],"version-history":[{"count":9,"href":"https:\/\/marcaymercado.com\/website\/wp-json\/wp\/v2\/pages\/9443\/revisions"}],"predecessor-version":[{"id":9661,"href":"https:\/\/marcaymercado.com\/website\/wp-json\/wp\/v2\/pages\/9443\/revisions\/9661"}],"wp:attachment":[{"href":"https:\/\/marcaymercado.com\/website\/wp-json\/wp\/v2\/media?parent=9443"}],"curies":[{"name":"wp","href":"https:\/\/api.w.org\/{rel}","templated":true}]}}