{"id":9441,"date":"2021-08-25T07:26:28","date_gmt":"2021-08-25T05:26:28","guid":{"rendered":"https:\/\/marcaymercado.com\/website\/?page_id=9441"},"modified":"2025-11-17T17:09:05","modified_gmt":"2025-11-17T16:09:05","slug":"web-hosting","status":"publish","type":"page","link":"https:\/\/marcaymercado.com\/website\/web-hosting\/","title":{"rendered":"WEB HOSTING"},"content":{"rendered":"<div class=\"wpb-content-wrapper\"><p>[vc_row][vc_column]\n\t\t<div id=\"wd-6846162a07548\" class=\"title-wrapper wd-wpb wd-set-mb reset-last-child  wd-rs-6846162a07548 wd-title-color-primary wd-title-style-underlined text-center vc_custom_1749423667342 wd-underline-colored\">\n\t\t\t\n\t\t\t<div class=\"liner-continer\">\n\t\t\t\t<h4 class=\"woodmart-title-container title  wd-font-weight- wd-fontsize-xxl\" >Web Hosting Profesional para Peque\u00f1as y Medianas Empresas<\/h4>\n\t\t\t\t\t\t\t<\/div>\n\t\t\t\n\t\t\t\n\t\t\t\n\t\t<\/div>\n\t\t\n\t\t[vc_column_text css=\u00bb\u00bb woodmart_inline=\u00bbno\u00bb text_larger=\u00bbno\u00bb]<\/p>\n<p style=\"text-align: center;\">Tu negocio merece un sitio web r\u00e1pido, seguro y siempre disponible.<\/p>\n<p style=\"text-align: center;\">Nuestro servicio de Web Hosting para PYMES est\u00e1 dise\u00f1ado para brindarte rendimiento, confianza y soporte sin complicaciones t\u00e9cnicas.<\/p>\n<h3 style=\"text-align: center;\" data-start=\"428\" data-end=\"477\">\ud83c\udf1f \u00bfPor qu\u00e9 elegir nuestro hosting para tu empresa?<\/h3>\n<p>&nbsp;[\/vc_column_text][vc_row_inner][vc_column_inner width=\u00bb1\/2&#8243;][vc_column_text css=\u00bb\u00bb woodmart_inline=\u00bbno\u00bb text_larger=\u00bbno\u00bb]<\/p>\n<h4 data-start=\"519\" data-end=\"542\">\u26a1 Alto Rendimiento<\/h4>\n<ul data-start=\"543\" data-end=\"694\">\n<li data-start=\"543\" data-end=\"585\">\n<p data-start=\"545\" data-end=\"585\">Servidores optimizados para carga r\u00e1pida<\/p>\n<\/li>\n<li data-start=\"586\" data-end=\"636\">\n<p data-start=\"588\" data-end=\"636\">Tecnolog\u00eda SSD para mayor velocidad y eficiencia<\/p>\n<\/li>\n<li data-start=\"637\" data-end=\"694\">\n<p data-start=\"639\" data-end=\"694\">Uptime garantizado del 99.9%, tu sitio siempre en l\u00ednea<\/p>\n<\/li>\n<\/ul>\n<h4 data-start=\"696\" data-end=\"719\">\ud83d\udd10 Seguridad Total<\/h4>\n<ul data-start=\"720\" data-end=\"890\">\n<li data-start=\"720\" data-end=\"784\">\n<p data-start=\"722\" data-end=\"784\">Certificado SSL gratuito para proteger tu sitio y tus clientes<\/p>\n<\/li>\n<li data-start=\"785\" data-end=\"839\">\n<p data-start=\"787\" data-end=\"839\">Monitoreo 24\/7 y protecci\u00f3n contra malware y ataques<\/p>\n<\/li>\n<li data-start=\"840\" data-end=\"890\">\n<p data-start=\"842\" data-end=\"890\">Backups autom\u00e1ticos diarios para tu tranquilidad<\/p>\n<\/li>\n<\/ul>\n<h4 data-start=\"892\" data-end=\"913\">\ud83c\udfaf F\u00e1cil de Usar<\/h4>\n<ul data-start=\"914\" data-end=\"1069\">\n<li data-start=\"914\" data-end=\"961\">\n<p data-start=\"916\" data-end=\"961\">Panel de control intuitivo (cPanel o similar)<\/p>\n<\/li>\n<li data-start=\"962\" data-end=\"1027\">\n<p data-start=\"964\" data-end=\"1027\">Instalaci\u00f3n con un clic de WordPress, Joomla, WooCommerce y m\u00e1s<\/p>\n<\/li>\n<li data-start=\"1028\" data-end=\"1069\">\n<p data-start=\"1030\" data-end=\"1069\">Migraci\u00f3n gratuita desde otro proveedor<\/p>\n<\/li>\n<\/ul>\n<p>[\/vc_column_text][\/vc_column_inner][vc_column_inner width=\u00bb1\/2&#8243;][vc_column_text css=\u00bb\u00bb woodmart_inline=\u00bbno\u00bb text_larger=\u00bbno\u00bb]<\/p>\n<h4 data-start=\"1071\" data-end=\"1097\">\ud83d\udcbc Pensado para PYMES<\/h4>\n<ul data-start=\"1098\" data-end=\"1237\">\n<li data-start=\"1098\" data-end=\"1143\">\n<p data-start=\"1100\" data-end=\"1143\">Planes escalables que crecen con tu negocio<\/p>\n<\/li>\n<li data-start=\"1144\" data-end=\"1192\">\n<p data-start=\"1146\" data-end=\"1192\">Correo corporativo incluido (<a class=\"cursor-pointer\" rel=\"noopener\" data-start=\"1175\" data-end=\"1191\">tu@tuempresa.com<\/a>)<\/p>\n<\/li>\n<li data-start=\"1193\" data-end=\"1237\">\n<p data-start=\"1195\" data-end=\"1237\">Soporte t\u00e9cnico personalizado en tu idioma<\/p>\n<\/li>\n<\/ul>\n<h4 data-start=\"1239\" data-end=\"1274\">\ud83d\udcc8 Impulsa tu Presencia Online<\/h4>\n<ul data-start=\"1275\" data-end=\"1470\">\n<li data-start=\"1275\" data-end=\"1330\">\n<p data-start=\"1277\" data-end=\"1330\">Integraci\u00f3n con herramientas de marketing y anal\u00edtica<\/p>\n<\/li>\n<li data-start=\"1331\" data-end=\"1398\">\n<p data-start=\"1333\" data-end=\"1398\">Compatibilidad con tiendas online, cat\u00e1logos de productos y blogs<\/p>\n<\/li>\n<li data-start=\"1399\" data-end=\"1470\">\n<p data-start=\"1401\" data-end=\"1470\">Certificado de dominio gratis el primer a\u00f1o (en planes seleccionados)<\/p>\n<\/li>\n<\/ul>\n<p>[\/vc_column_text][\/vc_column_inner][\/vc_row_inner][\/vc_column][\/vc_row][vc_row full_width=\u00bbstretch_row\u00bb css=\u00bb.vc_custom_1763395316316{margin-bottom: -40px !important;padding-top: 90px !important;padding-bottom: 80px !important;background-color: #000000 !important;background-position: center !important;background-repeat: no-repeat !important;background-size: cover !important;}\u00bb mobile_bg_img_hidden=\u00bbno\u00bb woodmart_parallax=\u00bb0&#8243; woodmart_gradient_switch=\u00bbno\u00bb row_reverse_mobile=\u00bb0&#8243; row_reverse_tablet=\u00bb0&#8243; woodmart_disable_overflow=\u00bb0&#8243; woodmart_css_id=\u00bb691b46f17759f\u00bb responsive_spacing=\u00bbeyJwYXJhbV90eXBlIjoid29vZG1hcnRfcmVzcG9uc2l2ZV9zcGFjaW5nIiwic2VsZWN0b3JfaWQiOiI2OTFiNDZmMTc3NTlmIiwic2hvcnRjb2RlIjoidmNfcm93IiwiZGF0YSI6eyJ0YWJsZXQiOnt9LCJtb2JpbGUiOnt9fX0=\u00bb tablet_bg_img_hidden=\u00bbno\u00bb woodmart_box_shadow=\u00bbno\u00bb wd_z_index=\u00bbno\u00bb][vc_column css=\u00bb.vc_custom_1635859802531{padding-top: 0px !important;}\u00bb woodmart_css_id=\u00bb61813d5273abb\u00bb parallax_scroll=\u00bbno\u00bb woodmart_sticky_column=\u00bbfalse\u00bb wd_collapsible_content_switcher=\u00bbno\u00bb mobile_bg_img_hidden=\u00bbno\u00bb tablet_bg_img_hidden=\u00bbno\u00bb woodmart_parallax=\u00bb0&#8243; woodmart_box_shadow=\u00bbno\u00bb mobile_reset_margin=\u00bbno\u00bb tablet_reset_margin=\u00bbno\u00bb wd_z_index=\u00bbno\u00bb responsive_spacing=\u00bbeyJwYXJhbV90eXBlIjoid29vZG1hcnRfcmVzcG9uc2l2ZV9zcGFjaW5nIiwic2VsZWN0b3JfaWQiOiI2MTgxM2Q1MjczYWJiIiwic2hvcnRjb2RlIjoidmNfY29sdW1uIiwiZGF0YSI6eyJ0YWJsZXQiOnt9LCJtb2JpbGUiOnt9fX0=\u00bb]\n\t\t<div id=\"wd-684615daabc00\" class=\"title-wrapper wd-wpb wd-set-mb reset-last-child  wd-rs-684615daabc00 wd-title-color-primary wd-title-style-underlined text-center vc_custom_1749423584759 wd-underline-colored\">\n\t\t\t\t\t\t\t\n\t\t\t\t<div class=\"title-subtitle  subtitle-color-primary font-default subtitle-style-default wd-font-weight- wd-fontsize-xs\">Para peque\u00f1as y medianas empresas. PYMES<\/div>\n\t\t\t\n\t\t\t<div class=\"liner-continer\">\n\t\t\t\t<h4 class=\"woodmart-title-container title  wd-font-weight- wd-fontsize-xxl\" >WEB HOSTING AL MEJOR PRECIO<\/h4>\n\t\t\t\t\t\t\t<\/div>\n\t\t\t\n\t\t\t\n\t\t\t\n\t\t<\/div>\n\t\t\n\t\t[\/vc_column][vc_column woodmart_color_scheme=\u00bblight\u00bb css=\u00bb.vc_custom_1635859812158{padding-top: 0px !important;}\u00bb mobile_bg_img_hidden=\u00bbno\u00bb woodmart_parallax=\u00bb0&#8243; woodmart_sticky_column=\u00bbfalse\u00bb parallax_scroll=\u00bbno\u00bb mobile_reset_margin=\u00bbno\u00bb tablet_reset_margin=\u00bbno\u00bb woodmart_css_id=\u00bb61813d5dc2b1c\u00bb wd_collapsible_content_switcher=\u00bbno\u00bb tablet_bg_img_hidden=\u00bbno\u00bb woodmart_box_shadow=\u00bbno\u00bb wd_z_index=\u00bbno\u00bb responsive_spacing=\u00bbeyJwYXJhbV90eXBlIjoid29vZG1hcnRfcmVzcG9uc2l2ZV9zcGFjaW5nIiwic2VsZWN0b3JfaWQiOiI2MTgxM2Q1ZGMyYjFjIiwic2hvcnRjb2RlIjoidmNfY29sdW1uIiwiZGF0YSI6eyJ0YWJsZXQiOnt9LCJtb2JpbGUiOnt9fX0=\u00bb]\t\t\t<div class=\"pricing-tables-wrapper wd-wpb wd-rs-6844f9296a4ac\">\n\t\t\t\t<div class=\"pricing-tables wd-grid-f-stretch\" style=\"--wd-gap-lg:30px;\">\n\t\t\t\t\t\t\t\t<div class=\"wd-price-table wd-col  price-style-default with-bg-image\" >\n\t\t\t\t<div class=\"wd-plan\">\n\t\t\t\t\t<div class=\"wd-plan-name\">\n\t\t\t\t\t\t<span class=\"wd-plan-title title\">BASICO<\/span>\n\t\t\t\t\t<\/div>\n\t\t\t\t<\/div>\n\t\t\t\t<div class=\"wd-plan-inner\">\n\t\t\t\t\t\t\t\t\t\t<div class=\"wd-plan-price\" style=\"background-image:url(https:\/\/marcaymercado.com\/website\/wp-content\/uploads\/2021\/08\/hardware-lite-img.jpg)\">\n\t\t\t\t\t\t\t\t\t\t\t\t\t<span class=\"wd-price-currency\">\n\t\t\t\t\t\t\t\t$us\t\t\t\t\t\t\t<\/span>\n\t\t\t\t\t\t\n\t\t\t\t\t\t\t\t\t\t\t\t\t<span class=\"wd-price-value\">\n\t\t\t\t\t\t\t\t60\t\t\t\t\t\t\t<\/span>\n\t\t\t\t\t\t\n\t\t\t\t\t\t\t\t\t\t\t\t\t<span class=\"wd-price-suffix\">\n\t\t\t\t\t\t\t\tPOR A\u00d1O\t\t\t\t\t\t\t<\/span>\n\t\t\t\t\t\t\t\t\t\t\t<\/div>\n\t\t\t\t\t\t\t\t\t\t\t<div class=\"wd-plan-features\">\n\t\t\t\t\t\t\t\t\t\t\t\t\t\t\t<div class=\"wd-plan-feature\">\n\t\t\t\t\t\t\t\t\t2048 MB \/ 2 GB espacio\t\t\t\t\t\t\t\t<\/div>\n\t\t\t\t\t\t\t\t\t\t\t\t\t\t\t<div class=\"wd-plan-feature\">\n\t\t\t\t\t\t\t\t\t10 GB de ancho de banda por mes\t\t\t\t\t\t\t\t<\/div>\n\t\t\t\t\t\t\t\t\t\t\t\t\t\t\t<div class=\"wd-plan-feature\">\n\t\t\t\t\t\t\t\t\t75 MB espacio para correos\t\t\t\t\t\t\t\t<\/div>\n\t\t\t\t\t\t\t\t\t\t\t\t\t\t\t<div class=\"wd-plan-feature\">\n\t\t\t\t\t\t\t\t\t10 Cuentas de Email y redireccionamiento\t\t\t\t\t\t\t\t<\/div>\n\t\t\t\t\t\t\t\t\t\t\t\t\t\t\t<div class=\"wd-plan-feature\">\n\t\t\t\t\t\t\t\t\tFTP\t\t\t\t\t\t\t\t<\/div>\n\t\t\t\t\t\t\t\t\t\t\t\t\t\t\t<div class=\"wd-plan-feature\">\n\t\t\t\t\t\t\t\t\tInstalaci\u00f3n y configuraci\u00f3n Gratis\t\t\t\t\t\t\t\t<\/div>\n\t\t\t\t\t\t\t\t\t\t\t\t\t\t\t<div class=\"wd-plan-feature\">\n\t\t\t\t\t\t\t\t\tTransferencia y Traslado\t\t\t\t\t\t\t\t<\/div>\n\t\t\t\t\t\t\t\t\t\t\t\t\t\t\t<div class=\"wd-plan-feature\">\n\t\t\t\t\t\t\t\t\tCuentas de email y redireccionamiento Gratis\t\t\t\t\t\t\t\t<\/div>\n\t\t\t\t\t\t\t\t\t\t\t\t\t\t\t<div class=\"wd-plan-feature\">\n\t\t\t\t\t\t\t\t\t1 Base de Datos\t\t\t\t\t\t\t\t<\/div>\n\t\t\t\t\t\t\t\t\t\t\t\t\t\t\t<div class=\"wd-plan-feature\">\n\t\t\t\t\t\t\t\t\t0 Subdominios\t\t\t\t\t\t\t\t<\/div>\n\t\t\t\t\t\t\t\t\t\t\t\t\t\t\t<div class=\"wd-plan-feature\">\n\t\t\t\t\t\t\t\t\t0 Parqueo de Dominio\t\t\t\t\t\t\t\t<\/div>\n\t\t\t\t\t\t\t\t\t\t\t\t\t\t\t<div class=\"wd-plan-feature\">\n\t\t\t\t\t\t\t\t\t0 Alias\t\t\t\t\t\t\t\t<\/div>\n\t\t\t\t\t\t\t\t\t\t\t\t\t\t\t<div class=\"wd-plan-feature\">\n\t\t\t\t\t\t\t\t\tWeb Based E-MAIL (WEBMAIL\/ROUNDCUBE)\t\t\t\t\t\t\t\t<\/div>\n\t\t\t\t\t\t\t\t\t\t\t\t\t\t\t<div class=\"wd-plan-feature\">\n\t\t\t\t\t\t\t\t\tSoporte 24\/7\t\t\t\t\t\t\t\t<\/div>\n\t\t\t\t\t\t\t\t\t\t\t\t\t<\/div>\n\t\t\t\t\t\t\t\t\t\t<div class=\"wd-plan-footer\">\n\t\t\t\t\t\t\t\t\t\t\t\t\t\t\t\t\t\t\t\t\t<a href=\"https:\/\/wa.link\/le731p\" title=\"\" target=\"_blank\" class=\"button price-plan-btn\">\n\t\t\t\t\t\t\t\t\tComprar Ya\t\t\t\t\t\t\t\t<\/a>\n\t\t\t\t\t\t\t\t\t\t\t\t\t\t\t\t\t\t<\/div>\n\t\t\t\t<\/div>\n\t\t\t<\/div>\n\n\t\t\t\t\t<div class=\"wd-price-table wd-col  price-style-default with-bg-image\" >\n\t\t\t\t<div class=\"wd-plan\">\n\t\t\t\t\t<div class=\"wd-plan-name\">\n\t\t\t\t\t\t<span class=\"wd-plan-title title\">PROFESIONAL<\/span>\n\t\t\t\t\t<\/div>\n\t\t\t\t<\/div>\n\t\t\t\t<div class=\"wd-plan-inner\">\n\t\t\t\t\t\t\t\t\t\t<div class=\"wd-plan-price\" style=\"background-image:url(https:\/\/marcaymercado.com\/website\/wp-content\/uploads\/2021\/08\/hardware-lite-img-2.jpg)\">\n\t\t\t\t\t\t\t\t\t\t\t\t\t<span class=\"wd-price-currency\">\n\t\t\t\t\t\t\t\t$us\t\t\t\t\t\t\t<\/span>\n\t\t\t\t\t\t\n\t\t\t\t\t\t\t\t\t\t\t\t\t<span class=\"wd-price-value\">\n\t\t\t\t\t\t\t\t75\t\t\t\t\t\t\t<\/span>\n\t\t\t\t\t\t\n\t\t\t\t\t\t\t\t\t\t\t\t\t<span class=\"wd-price-suffix\">\n\t\t\t\t\t\t\t\tPOR A\u00d1O\t\t\t\t\t\t\t<\/span>\n\t\t\t\t\t\t\t\t\t\t\t<\/div>\n\t\t\t\t\t\t\t\t\t\t\t<div class=\"wd-plan-features\">\n\t\t\t\t\t\t\t\t\t\t\t\t\t\t\t<div class=\"wd-plan-feature\">\n\t\t\t\t\t\t\t\t\t3072 MB \/ 3 GB espacio\t\t\t\t\t\t\t\t<\/div>\n\t\t\t\t\t\t\t\t\t\t\t\t\t\t\t<div class=\"wd-plan-feature\">\n\t\t\t\t\t\t\t\t\t15 GB de ancho de banda por mes\t\t\t\t\t\t\t\t<\/div>\n\t\t\t\t\t\t\t\t\t\t\t\t\t\t\t<div class=\"wd-plan-feature\">\n\t\t\t\t\t\t\t\t\t100 MB espacio para correos\t\t\t\t\t\t\t\t<\/div>\n\t\t\t\t\t\t\t\t\t\t\t\t\t\t\t<div class=\"wd-plan-feature\">\n\t\t\t\t\t\t\t\t\t20 Cuentas de Email y redireccionamiento\t\t\t\t\t\t\t\t<\/div>\n\t\t\t\t\t\t\t\t\t\t\t\t\t\t\t<div class=\"wd-plan-feature\">\n\t\t\t\t\t\t\t\t\tFTP\t\t\t\t\t\t\t\t<\/div>\n\t\t\t\t\t\t\t\t\t\t\t\t\t\t\t<div class=\"wd-plan-feature\">\n\t\t\t\t\t\t\t\t\tInstalaci\u00f3n y configuraci\u00f3n Gratis\t\t\t\t\t\t\t\t<\/div>\n\t\t\t\t\t\t\t\t\t\t\t\t\t\t\t<div class=\"wd-plan-feature\">\n\t\t\t\t\t\t\t\t\tTransferencia y Traslado\t\t\t\t\t\t\t\t<\/div>\n\t\t\t\t\t\t\t\t\t\t\t\t\t\t\t<div class=\"wd-plan-feature\">\n\t\t\t\t\t\t\t\t\tCuentas de email y redireccionamiento Gratis\t\t\t\t\t\t\t\t<\/div>\n\t\t\t\t\t\t\t\t\t\t\t\t\t\t\t<div class=\"wd-plan-feature\">\n\t\t\t\t\t\t\t\t\t2 Base de Datos\t\t\t\t\t\t\t\t<\/div>\n\t\t\t\t\t\t\t\t\t\t\t\t\t\t\t<div class=\"wd-plan-feature\">\n\t\t\t\t\t\t\t\t\t0 Subdominios\t\t\t\t\t\t\t\t<\/div>\n\t\t\t\t\t\t\t\t\t\t\t\t\t\t\t<div class=\"wd-plan-feature\">\n\t\t\t\t\t\t\t\t\t0 Parqueo de Dominio\t\t\t\t\t\t\t\t<\/div>\n\t\t\t\t\t\t\t\t\t\t\t\t\t\t\t<div class=\"wd-plan-feature\">\n\t\t\t\t\t\t\t\t\t0 Alias\t\t\t\t\t\t\t\t<\/div>\n\t\t\t\t\t\t\t\t\t\t\t\t\t\t\t<div class=\"wd-plan-feature\">\n\t\t\t\t\t\t\t\t\tWeb Based E-MAIL (WEBMAIL\/ROUNDCUBE)\t\t\t\t\t\t\t\t<\/div>\n\t\t\t\t\t\t\t\t\t\t\t\t\t\t\t<div class=\"wd-plan-feature\">\n\t\t\t\t\t\t\t\t\tSoporte 24\/7\t\t\t\t\t\t\t\t<\/div>\n\t\t\t\t\t\t\t\t\t\t\t\t\t\t\t<div class=\"wd-plan-feature\">\n\t\t\t\t\t\t\t\t\tBackups y restauraciones diarias y mensuales\t\t\t\t\t\t\t\t<\/div>\n\t\t\t\t\t\t\t\t\t\t\t\t\t<\/div>\n\t\t\t\t\t\t\t\t\t\t<div class=\"wd-plan-footer\">\n\t\t\t\t\t\t\t\t\t\t\t\t\t\t\t\t\t\t\t\t\t<a href=\"https:\/\/wa.link\/qm95x6\" title=\"\" target=\"_blank\" class=\"button price-plan-btn\">\n\t\t\t\t\t\t\t\t\tCOMPRAR YA\t\t\t\t\t\t\t\t<\/a>\n\t\t\t\t\t\t\t\t\t\t\t\t\t\t\t\t\t\t<\/div>\n\t\t\t\t<\/div>\n\t\t\t<\/div>\n\n\t\t\t\t\t<div class=\"wd-price-table wd-col  price-highlighted price-style-default with-bg-image\" >\n\t\t\t\t<div class=\"wd-plan\">\n\t\t\t\t\t<div class=\"wd-plan-name\">\n\t\t\t\t\t\t<span class=\"wd-plan-title title\">EMPRESARIAL<\/span>\n\t\t\t\t\t<\/div>\n\t\t\t\t<\/div>\n\t\t\t\t<div class=\"wd-plan-inner\">\n\t\t\t\t\t\t\t\t\t\t<div class=\"wd-plan-price\" style=\"background-image:url(https:\/\/marcaymercado.com\/website\/wp-content\/uploads\/2021\/08\/hardware-lite-img-3.jpg)\">\n\t\t\t\t\t\t\t\t\t\t\t\t\t<span class=\"wd-price-currency\">\n\t\t\t\t\t\t\t\t$us\t\t\t\t\t\t\t<\/span>\n\t\t\t\t\t\t\n\t\t\t\t\t\t\t\t\t\t\t\t\t<span class=\"wd-price-value\">\n\t\t\t\t\t\t\t\t95\t\t\t\t\t\t\t<\/span>\n\t\t\t\t\t\t\n\t\t\t\t\t\t\t\t\t\t\t\t\t<span class=\"wd-price-suffix\">\n\t\t\t\t\t\t\t\tPOR A\u00d1O\t\t\t\t\t\t\t<\/span>\n\t\t\t\t\t\t\t\t\t\t\t<\/div>\n\t\t\t\t\t\t\t\t\t\t\t<div class=\"wd-plan-features\">\n\t\t\t\t\t\t\t\t\t\t\t\t\t\t\t<div class=\"wd-plan-feature\">\n\t\t\t\t\t\t\t\t\t5120 MB \/ 5 GB espacio\t\t\t\t\t\t\t\t<\/div>\n\t\t\t\t\t\t\t\t\t\t\t\t\t\t\t<div class=\"wd-plan-feature\">\n\t\t\t\t\t\t\t\t\t20 GB de ancho de banda por mes\t\t\t\t\t\t\t\t<\/div>\n\t\t\t\t\t\t\t\t\t\t\t\t\t\t\t<div class=\"wd-plan-feature\">\n\t\t\t\t\t\t\t\t\t150 MB espacio para correos\t\t\t\t\t\t\t\t<\/div>\n\t\t\t\t\t\t\t\t\t\t\t\t\t\t\t<div class=\"wd-plan-feature\">\n\t\t\t\t\t\t\t\t\t30 Cuentas de Email y redireccionamiento\t\t\t\t\t\t\t\t<\/div>\n\t\t\t\t\t\t\t\t\t\t\t\t\t\t\t<div class=\"wd-plan-feature\">\n\t\t\t\t\t\t\t\t\tFTP\t\t\t\t\t\t\t\t<\/div>\n\t\t\t\t\t\t\t\t\t\t\t\t\t\t\t<div class=\"wd-plan-feature\">\n\t\t\t\t\t\t\t\t\tInstalaci\u00f3n y configuraci\u00f3n Gratis\t\t\t\t\t\t\t\t<\/div>\n\t\t\t\t\t\t\t\t\t\t\t\t\t\t\t<div class=\"wd-plan-feature\">\n\t\t\t\t\t\t\t\t\tTransferencia y Traslado\t\t\t\t\t\t\t\t<\/div>\n\t\t\t\t\t\t\t\t\t\t\t\t\t\t\t<div class=\"wd-plan-feature\">\n\t\t\t\t\t\t\t\t\tCuentas de email y redireccionamiento Gratis\t\t\t\t\t\t\t\t<\/div>\n\t\t\t\t\t\t\t\t\t\t\t\t\t\t\t<div class=\"wd-plan-feature\">\n\t\t\t\t\t\t\t\t\t3 Base de Datos\t\t\t\t\t\t\t\t<\/div>\n\t\t\t\t\t\t\t\t\t\t\t\t\t\t\t<div class=\"wd-plan-feature\">\n\t\t\t\t\t\t\t\t\t0 Subdominios\t\t\t\t\t\t\t\t<\/div>\n\t\t\t\t\t\t\t\t\t\t\t\t\t\t\t<div class=\"wd-plan-feature\">\n\t\t\t\t\t\t\t\t\t0 Parqueo de Dominio\t\t\t\t\t\t\t\t<\/div>\n\t\t\t\t\t\t\t\t\t\t\t\t\t\t\t<div class=\"wd-plan-feature\">\n\t\t\t\t\t\t\t\t\t0 Alias\t\t\t\t\t\t\t\t<\/div>\n\t\t\t\t\t\t\t\t\t\t\t\t\t\t\t<div class=\"wd-plan-feature\">\n\t\t\t\t\t\t\t\t\tWeb Based E-MAIL (WEBMAIL\/ROUNDCUBE)\t\t\t\t\t\t\t\t<\/div>\n\t\t\t\t\t\t\t\t\t\t\t\t\t\t\t<div class=\"wd-plan-feature\">\n\t\t\t\t\t\t\t\t\tSoporte 24\/7\t\t\t\t\t\t\t\t<\/div>\n\t\t\t\t\t\t\t\t\t\t\t\t\t\t\t<div class=\"wd-plan-feature\">\n\t\t\t\t\t\t\t\t\tBackups y restauraciones diarias y mensuales\t\t\t\t\t\t\t\t<\/div>\n\t\t\t\t\t\t\t\t\t\t\t\t\t<\/div>\n\t\t\t\t\t\t\t\t\t\t<div class=\"wd-plan-footer\">\n\t\t\t\t\t\t\t\t\t\t\t\t\t\t\t\t\t\t\t\t\t<a href=\"https:\/\/wa.link\/jdrgaw\" title=\"\" target=\"_blank\" class=\"button price-plan-btn\">\n\t\t\t\t\t\t\t\t\tCOMPRAR YA\t\t\t\t\t\t\t\t<\/a>\n\t\t\t\t\t\t\t\t\t\t\t\t\t\t\t\t\t\t<\/div>\n\t\t\t\t<\/div>\n\t\t\t<\/div>\n\n\t\t\t\t\t\t<\/div>\n\t\t\t<\/div>\n\t\t[\/vc_column][\/vc_row][vc_row css=\u00bb.vc_custom_1749348773748{margin: 40px !important;}\u00bb woodmart_css_id=\u00bb6844f19d32393&#8243; responsive_spacing=\u00bbeyJwYXJhbV90eXBlIjoid29vZG1hcnRfcmVzcG9uc2l2ZV9zcGFjaW5nIiwic2VsZWN0b3JfaWQiOiI2ODQ0ZjE5ZDMyMzkzIiwic2hvcnRjb2RlIjoidmNfcm93IiwiZGF0YSI6eyJ0YWJsZXQiOnt9LCJtb2JpbGUiOnt9fX0=\u00bb mobile_bg_img_hidden=\u00bbno\u00bb tablet_bg_img_hidden=\u00bbno\u00bb woodmart_parallax=\u00bb0&#8243; woodmart_gradient_switch=\u00bbno\u00bb woodmart_box_shadow=\u00bbno\u00bb wd_z_index=\u00bbno\u00bb woodmart_disable_overflow=\u00bb0&#8243; row_reverse_mobile=\u00bb0&#8243; row_reverse_tablet=\u00bb0&#8243;][vc_column][vc_column_text css=\u00bb\u00bb woodmart_inline=\u00bbno\u00bb text_larger=\u00bbno\u00bb]<\/p>\n<h1 style=\"text-align: center;\"><span class=\"titulo-base titulo-m\">\u00bfQuieres hacer tu sitio web con WordPress?<\/span><\/h1>\n<h4 style=\"text-align: center;\"><span class=\"bajada texto-l\">Te recomendamos la siguiente secci\u00f3n con el doble de velocidad.<\/span><\/h4>\n<p>[\/vc_column_text]<div id=\"wd-684615a401106\" class=\" wd-rs-684615a401106  wd-button-wrapper text-center\"><a href=\"https:\/\/marcaymercado.com\/website\/wordpress-hosting\/\" title=\"WORDPRESS HOSTING\" class=\"btn btn-color-primary btn-style-bordered btn-shape-rectangle btn-size-large\">VER PLANES WORDPRESS<\/a><\/div>[\/vc_column][\/vc_row][vc_row gap=\u00bb15&#8243; woodmart_stretch_content=\u00bbsection-stretch\u00bb css=\u00bb.vc_custom_1749350776049{background-color: #DF0209 !important;}\u00bb woodmart_css_id=\u00bb6844f9740a5d1&#8243; responsive_spacing=\u00bbeyJwYXJhbV90eXBlIjoid29vZG1hcnRfcmVzcG9uc2l2ZV9zcGFjaW5nIiwic2VsZWN0b3JfaWQiOiI2ODQ0Zjk3NDBhNWQxIiwic2hvcnRjb2RlIjoidmNfcm93IiwiZGF0YSI6eyJ0YWJsZXQiOnt9LCJtb2JpbGUiOnt9fX0=\u00bb mobile_bg_img_hidden=\u00bbno\u00bb tablet_bg_img_hidden=\u00bbno\u00bb woodmart_parallax=\u00bb0&#8243; woodmart_gradient_switch=\u00bbno\u00bb woodmart_box_shadow=\u00bbno\u00bb wd_z_index=\u00bbno\u00bb woodmart_disable_overflow=\u00bb0&#8243; row_reverse_mobile=\u00bb0&#8243; row_reverse_tablet=\u00bb0&#8243;][vc_column width=\u00bb1\/3&#8243;]\n\t\t<div id=\"wd-6844f8880939d\" class=\"title-wrapper wd-wpb wd-set-mb reset-last-child  wd-rs-6844f8880939d wd-title-color-alt wd-title-style-default text-center  wd-underline-colored\">\n\t\t\t\n\t\t\t<div class=\"liner-continer\">\n\t\t\t\t<h4 class=\"woodmart-title-container title  wd-font-weight- wd-fontsize-xl\" >Transfiere t\u00fa sitio web sin complicaciones<\/h4>\n\t\t\t\t\t\t\t<\/div>\n\t\t\t\n\t\t\t\n\t\t\t\n\t\t<\/div>\n\t\t\n\t\t<div id=\"wd-684615bbc8127\" class=\" wd-rs-684615bbc8127 vc_custom_1749423562270 wd-button-wrapper text-center\"><a href=\"https:\/\/marcaymercado.com\/website\/contacto\/\" title=\"CONTACTO\" class=\"btn btn-color-black btn-style-3d btn-shape-rectangle btn-size-small\">CONT\u00c1CTANOS<\/a><\/div>[\/vc_column][vc_column width=\u00bb1\/3&#8243; woodmart_css_id=\u00bb6844f953c5262&#8243; parallax_scroll=\u00bbno\u00bb woodmart_sticky_column=\u00bbfalse\u00bb wd_collapsible_content_switcher=\u00bbno\u00bb wd_column_role_offcanvas_desktop=\u00bbno\u00bb wd_column_role_offcanvas_tablet=\u00bbno\u00bb wd_column_role_offcanvas_mobile=\u00bbno\u00bb wd_column_role_content_desktop=\u00bbno\u00bb wd_column_role_content_tablet=\u00bbno\u00bb wd_column_role_content_mobile=\u00bbno\u00bb mobile_bg_img_hidden=\u00bbno\u00bb tablet_bg_img_hidden=\u00bbno\u00bb woodmart_parallax=\u00bb0&#8243; woodmart_box_shadow=\u00bbno\u00bb responsive_spacing=\u00bbeyJwYXJhbV90eXBlIjoid29vZG1hcnRfcmVzcG9uc2l2ZV9zcGFjaW5nIiwic2VsZWN0b3JfaWQiOiI2ODQ0Zjk1M2M1MjYyIiwic2hvcnRjb2RlIjoidmNfY29sdW1uIiwiZGF0YSI6eyJ0YWJsZXQiOnt9LCJtb2JpbGUiOnt9fX0=\u00bb mobile_reset_margin=\u00bbno\u00bb tablet_reset_margin=\u00bbno\u00bb wd_z_index=\u00bbno\u00bb]<div class=\"cq-infoblock cq-infoblock-avapos-left cq-infoblock-bar-float cq-infoblock-avatar-medium cq-infoblock-shape-square  vc_custom_1749350769519\" style=\"background-image:url();background-color:#0000001C;\" data-iconcolor=\"\" data-iconbg=\"\" data-iconhovercolor=\"\" data-iconhoverbg=\"\" data-bghovercolor=\"\" data-barhoverbg=\"\" data-bgcolor=\"#0000001C\" data-barbgcolor=\"\"><div class=\"cq-infoblock-content\" style=\"background-color:#0000001C;\"><div class=\"cq-infoblock-textcontainer\"><span class=\"cq-infoblock-iconarea\" style=\"background-color:;background-image:url()\"><i class=\"cq-infoblock-icon entypo-icon entypo-icon-info\" style=\"color:;\"><\/i><\/span><div class=\"cq-infoblock-text\">\u00bfVienes de otro proveedor? Nosotros nos encargamos de la migraci\u00f3n por ti. R\u00e1pido, accesible y con soporte completo, para que t\u00fa solo te enfoques en tu negocio.<\/div><\/div> <\/div><\/div>[\/vc_column][vc_column width=\u00bb1\/3&#8243;]<div class=\"cq-infoblock cq-infoblock-avapos-left cq-infoblock-bar-float cq-infoblock-avatar-medium cq-infoblock-shape-square  vc_custom_1749350762043\" style=\"background-image:url();background-color:#0000001C;\" data-iconcolor=\"\" data-iconbg=\"\" data-iconhovercolor=\"\" data-iconhoverbg=\"\" data-bghovercolor=\"\" data-barhoverbg=\"\" data-bgcolor=\"#0000001C\" data-barbgcolor=\"\"><div class=\"cq-infoblock-content\" style=\"background-color:#0000001C;\"><div class=\"cq-infoblock-textcontainer\"><span class=\"cq-infoblock-iconarea\" style=\"background-color:;background-image:url()\"><i class=\"cq-infoblock-icon entypo-icon entypo-icon-newspaper\" style=\"color:;\"><\/i><\/span><div class=\"cq-infoblock-text\">Dise\u00f1amos todo pensando en tu negocio. Mant\u00e9n tu dominio, hosting, correo electr\u00f3nico y herramientas en un solo lugar.<\/div><\/div> <\/div><\/div>[\/vc_column][\/vc_row][vc_row][vc_column width=\u00bb1\/3&#8243;][vc_single_image image=\u00bb9607&#8243; img_size=\u00bbfull\u00bb css=\u00bb\u00bb parallax_scroll=\u00bbno\u00bb woodmart_inline=\u00bbno\u00bb][\/vc_column][vc_column width=\u00bb1\/3&#8243;][vc_single_image image=\u00bb9608&#8243; img_size=\u00bbfull\u00bb css=\u00bb\u00bb parallax_scroll=\u00bbno\u00bb woodmart_inline=\u00bbno\u00bb][\/vc_column][vc_column width=\u00bb1\/3&#8243;][vc_single_image image=\u00bb9606&#8243; img_size=\u00bbfull\u00bb css=\u00bb\u00bb parallax_scroll=\u00bbno\u00bb woodmart_inline=\u00bbno\u00bb][\/vc_column][\/vc_row]<\/p>\n<\/div>","protected":false},"excerpt":{"rendered":"<p>[vc_row][vc_column][vc_column_text css=\u00bb\u00bb woodmart_inline=\u00bbno\u00bb text_larger=\u00bbno\u00bb] Tu negocio merece un sitio web r\u00e1pido, seguro y siempre disponible. Nuestro servicio de Web Hosting<\/p>\n","protected":false},"author":1,"featured_media":0,"parent":0,"menu_order":0,"comment_status":"closed","ping_status":"closed","template":"","meta":{"_joinchat":[],"footnotes":""},"class_list":["post-9441","page","type-page","status-publish","hentry"],"_links":{"self":[{"href":"https:\/\/marcaymercado.com\/website\/wp-json\/wp\/v2\/pages\/9441","targetHints":{"allow":["GET"]}}],"collection":[{"href":"https:\/\/marcaymercado.com\/website\/wp-json\/wp\/v2\/pages"}],"about":[{"href":"https:\/\/marcaymercado.com\/website\/wp-json\/wp\/v2\/types\/page"}],"author":[{"embeddable":true,"href":"https:\/\/marcaymercado.com\/website\/wp-json\/wp\/v2\/users\/1"}],"replies":[{"embeddable":true,"href":"https:\/\/marcaymercado.com\/website\/wp-json\/wp\/v2\/comments?post=9441"}],"version-history":[{"count":60,"href":"https:\/\/marcaymercado.com\/website\/wp-json\/wp\/v2\/pages\/9441\/revisions"}],"predecessor-version":[{"id":9747,"href":"https:\/\/marcaymercado.com\/website\/wp-json\/wp\/v2\/pages\/9441\/revisions\/9747"}],"wp:attachment":[{"href":"https:\/\/marcaymercado.com\/website\/wp-json\/wp\/v2\/media?parent=9441"}],"curies":[{"name":"wp","href":"https:\/\/api.w.org\/{rel}","templated":true}]}}