{"id":9439,"date":"2021-08-25T07:26:28","date_gmt":"2021-08-25T05:26:28","guid":{"rendered":"https:\/\/marcaymercado.com\/website\/?page_id=9439"},"modified":"2025-06-09T02:00:03","modified_gmt":"2025-06-09T00:00:03","slug":"registro-de-dominio-bolivia","status":"publish","type":"page","link":"https:\/\/marcaymercado.com\/website\/registro-de-dominio-bolivia\/","title":{"rendered":"REGISTRO DE DOMINIO"},"content":{"rendered":"<div class=\"wpb-content-wrapper\"><p>[vc_row][vc_column]\n\t\t<div id=\"wd-68461df1dbfb4\" class=\"title-wrapper wd-wpb wd-set-mb reset-last-child  wd-rs-68461df1dbfb4 wd-title-color-primary wd-title-style-underlined text-center vc_custom_1749425659125 wd-underline-colored\">\n\t\t\t\n\t\t\t<div class=\"liner-continer\">\n\t\t\t\t<h4 class=\"woodmart-title-container title  wd-font-weight- wd-fontsize-xxl\" >Registra tu Dominio y Asegura tu Presencia en Internet<\/h4>\n\t\t\t\t\t\t\t<\/div>\n\t\t\t\n\t\t\t\n\t\t\t\n\t\t<\/div>\n\t\t\n\t\t[vc_column_text css=\u00bb\u00bb woodmart_inline=\u00bbno\u00bb text_larger=\u00bbno\u00bb]<\/p>\n<h4 style=\"text-align: center;\"><strong>Tu dominio es la puerta de entrada a tu marca en l\u00ednea. <\/strong><\/h4>\n<p style=\"text-align: center;\">Es m\u00e1s que una direcci\u00f3n web: es tu identidad digital. Con nuestro servicio de registro de dominios r\u00e1pido, seguro y confiable, podr\u00e1s posicionar tu negocio o proyecto desde el primer momento.<\/p>\n<h3 style=\"text-align: center;\" data-start=\"428\" data-end=\"477\">\u2705 \u00bfPor qu\u00e9 es importante registrar tu dominio?<\/h3>\n<p>[\/vc_column_text][vc_row_inner][vc_column_inner width=\u00bb1\/3&#8243;][vc_column_text css=\u00bb\u00bb woodmart_inline=\u00bbno\u00bb text_larger=\u00bbno\u00bb]<\/p>\n<h4 data-start=\"563\" data-end=\"591\">\ud83d\udd12 <strong data-start=\"571\" data-end=\"591\">Protege tu marca<\/strong><\/h4>\n<ul data-start=\"592\" data-end=\"716\">\n<li data-start=\"592\" data-end=\"655\">\n<p data-start=\"594\" data-end=\"655\">Evita que otros registren el nombre de tu empresa o proyecto.<\/p>\n<\/li>\n<li data-start=\"656\" data-end=\"716\">\n<p data-start=\"658\" data-end=\"716\">Refuerza tu imagen profesional y tu autoridad en internet.<\/p>\n<\/li>\n<\/ul>\n<h4 data-start=\"718\" data-end=\"746\">\ud83c\udf0d <strong data-start=\"726\" data-end=\"746\">Presencia global<\/strong><\/h4>\n<ul data-start=\"747\" data-end=\"852\">\n<li data-start=\"747\" data-end=\"801\">\n<p data-start=\"749\" data-end=\"801\">Un dominio propio te da visibilidad a nivel mundial.<\/p>\n<\/li>\n<li data-start=\"802\" data-end=\"852\">\n<p data-start=\"804\" data-end=\"852\">Transmite confianza a tus clientes y visitantes.<\/p>\n<\/li>\n<\/ul>\n<p>[\/vc_column_text][\/vc_column_inner][vc_column_inner width=\u00bb1\/3&#8243;][vc_column_text css=\u00bb\u00bb woodmart_inline=\u00bbno\u00bb text_larger=\u00bbno\u00bb]<\/p>\n<h4 data-start=\"854\" data-end=\"887\">\ud83d\udcbc <strong data-start=\"862\" data-end=\"887\">Identidad profesional<\/strong><\/h4>\n<ul data-start=\"888\" data-end=\"993\">\n<li data-start=\"888\" data-end=\"950\">\n<p data-start=\"890\" data-end=\"950\">Crea correos corporativos personalizados: <code data-start=\"932\" data-end=\"950\">tu@tudominio.com<\/code><\/p>\n<\/li>\n<li data-start=\"951\" data-end=\"993\">\n<p data-start=\"953\" data-end=\"993\">Fortalece tu marca y coherencia digital.<\/p>\n<\/li>\n<\/ul>\n<h4 data-start=\"995\" data-end=\"1033\">\ud83d\ude80 <strong data-start=\"1003\" data-end=\"1033\">Impulsa tu posicionamiento<\/strong><\/h4>\n<ul data-start=\"1034\" data-end=\"1160\">\n<li data-start=\"1034\" data-end=\"1111\">\n<p data-start=\"1036\" data-end=\"1111\">Los dominios personalizados mejoran el SEO (posicionamiento en buscadores).<\/p>\n<\/li>\n<li data-start=\"1112\" data-end=\"1160\">\n<p data-start=\"1114\" data-end=\"1160\">Facilitan el recuerdo y acceso a tu sitio web.<\/p>\n<\/li>\n<\/ul>\n<p>[\/vc_column_text][\/vc_column_inner][vc_column_inner width=\u00bb1\/3&#8243;][vc_single_image image=\u00bb9626&#8243; img_size=\u00bbfull\u00bb css=\u00bb\u00bb parallax_scroll=\u00bbno\u00bb woodmart_inline=\u00bbno\u00bb][\/vc_column_inner][\/vc_row_inner][\/vc_column][\/vc_row][vc_row gap=\u00bb15&#8243; woodmart_stretch_content=\u00bbsection-stretch\u00bb css=\u00bb.vc_custom_1749350776049{background-color: #DF0209 !important;}\u00bb woodmart_css_id=\u00bb6844f9740a5d1&#8243; responsive_spacing=\u00bbeyJwYXJhbV90eXBlIjoid29vZG1hcnRfcmVzcG9uc2l2ZV9zcGFjaW5nIiwic2VsZWN0b3JfaWQiOiI2ODQ0Zjk3NDBhNWQxIiwic2hvcnRjb2RlIjoidmNfcm93IiwiZGF0YSI6eyJ0YWJsZXQiOnt9LCJtb2JpbGUiOnt9fX0=\u00bb mobile_bg_img_hidden=\u00bbno\u00bb tablet_bg_img_hidden=\u00bbno\u00bb woodmart_parallax=\u00bb0&#8243; woodmart_gradient_switch=\u00bbno\u00bb woodmart_box_shadow=\u00bbno\u00bb wd_z_index=\u00bbno\u00bb woodmart_disable_overflow=\u00bb0&#8243; row_reverse_mobile=\u00bb0&#8243; row_reverse_tablet=\u00bb0&#8243;][vc_column width=\u00bb1\/3&#8243;]\n\t\t<div id=\"wd-6846212787dbc\" class=\"title-wrapper wd-wpb wd-set-mb reset-last-child  wd-rs-6846212787dbc wd-title-color-alt wd-title-style-default text-center  wd-underline-colored\">\n\t\t\t\n\t\t\t<div class=\"liner-continer\">\n\t\t\t\t<h4 class=\"woodmart-title-container title  wd-font-weight- wd-fontsize-xl\" >Transfiere t\u00fa dominio sin complicaciones<\/h4>\n\t\t\t\t\t\t\t<\/div>\n\t\t\t\n\t\t\t\n\t\t\t\n\t\t<\/div>\n\t\t\n\t\t<div id=\"wd-68461071af727\" class=\" wd-rs-68461071af727 vc_custom_1749422208315 wd-button-wrapper text-center\"><a href=\"https:\/\/marcaymercado.com\/website\/contacto\/\" title=\"CONTACTO\" class=\"btn btn-color-black btn-style-3d btn-shape-rectangle btn-size-small\">CONT\u00c1CTANOS<\/a><\/div>[\/vc_column][vc_column width=\u00bb1\/3&#8243; woodmart_css_id=\u00bb6844f953c5262&#8243; parallax_scroll=\u00bbno\u00bb woodmart_sticky_column=\u00bbfalse\u00bb wd_collapsible_content_switcher=\u00bbno\u00bb wd_column_role_offcanvas_desktop=\u00bbno\u00bb wd_column_role_offcanvas_tablet=\u00bbno\u00bb wd_column_role_offcanvas_mobile=\u00bbno\u00bb wd_column_role_content_desktop=\u00bbno\u00bb wd_column_role_content_tablet=\u00bbno\u00bb wd_column_role_content_mobile=\u00bbno\u00bb mobile_bg_img_hidden=\u00bbno\u00bb tablet_bg_img_hidden=\u00bbno\u00bb woodmart_parallax=\u00bb0&#8243; woodmart_box_shadow=\u00bbno\u00bb responsive_spacing=\u00bbeyJwYXJhbV90eXBlIjoid29vZG1hcnRfcmVzcG9uc2l2ZV9zcGFjaW5nIiwic2VsZWN0b3JfaWQiOiI2ODQ0Zjk1M2M1MjYyIiwic2hvcnRjb2RlIjoidmNfY29sdW1uIiwiZGF0YSI6eyJ0YWJsZXQiOnt9LCJtb2JpbGUiOnt9fX0=\u00bb mobile_reset_margin=\u00bbno\u00bb tablet_reset_margin=\u00bbno\u00bb wd_z_index=\u00bbno\u00bb]<div class=\"cq-infoblock cq-infoblock-avapos-left cq-infoblock-bar-float cq-infoblock-avatar-medium cq-infoblock-shape-square  vc_custom_1749350769519\" style=\"background-image:url();background-color:#0000001C;\" data-iconcolor=\"\" data-iconbg=\"\" data-iconhovercolor=\"\" data-iconhoverbg=\"\" data-bghovercolor=\"\" data-barhoverbg=\"\" data-bgcolor=\"#0000001C\" data-barbgcolor=\"\"><div class=\"cq-infoblock-content\" style=\"background-color:#0000001C;\"><div class=\"cq-infoblock-textcontainer\"><span class=\"cq-infoblock-iconarea\" style=\"background-color:;background-image:url()\"><i class=\"cq-infoblock-icon entypo-icon entypo-icon-info\" style=\"color:;\"><\/i><\/span><div class=\"cq-infoblock-text\">\u00bfVienes de otro proveedor? Nosotros nos encargamos de la migraci\u00f3n por ti. R\u00e1pido, accesible y con soporte completo, para que t\u00fa solo te enfoques en tu negocio.<\/div><\/div> <\/div><\/div>[\/vc_column][vc_column width=\u00bb1\/3&#8243;]<div class=\"cq-infoblock cq-infoblock-avapos-left cq-infoblock-bar-float cq-infoblock-avatar-medium cq-infoblock-shape-square  vc_custom_1749350762043\" style=\"background-image:url();background-color:#0000001C;\" data-iconcolor=\"\" data-iconbg=\"\" data-iconhovercolor=\"\" data-iconhoverbg=\"\" data-bghovercolor=\"\" data-barhoverbg=\"\" data-bgcolor=\"#0000001C\" data-barbgcolor=\"\"><div class=\"cq-infoblock-content\" style=\"background-color:#0000001C;\"><div class=\"cq-infoblock-textcontainer\"><span class=\"cq-infoblock-iconarea\" style=\"background-color:;background-image:url()\"><i class=\"cq-infoblock-icon entypo-icon entypo-icon-newspaper\" style=\"color:;\"><\/i><\/span><div class=\"cq-infoblock-text\">Dise\u00f1amos todo pensando en tu negocio. Mant\u00e9n tu dominio, hosting, correo electr\u00f3nico y herramientas en un solo lugar.<\/div><\/div> <\/div><\/div>[\/vc_column][\/vc_row][vc_row][vc_column width=\u00bb2\/3&#8243;]\n\t\t<div id=\"wd-684622b055566\" class=\"title-wrapper wd-wpb wd-set-mb reset-last-child  wd-rs-684622b055566 wd-title-color-primary wd-title-style-underlined text-center vc_custom_1749426868571 wd-underline-colored\">\n\t\t\t\n\t\t\t<div class=\"liner-continer\">\n\t\t\t\t<h4 class=\"woodmart-title-container title  wd-font-weight- wd-fontsize-xxl\" >Registra tu dominio y haz despegar tu presencia online<\/h4>\n\t\t\t\t\t\t\t<\/div>\n\t\t\t\n\t\t\t\n\t\t\t\n\t\t<\/div>\n\t\t\n\t\t[vc_column_text css=\u00bb\u00bb woodmart_inline=\u00bbno\u00bb text_larger=\u00bbno\u00bb]<\/p>\n<p data-start=\"326\" data-end=\"430\">\u00bfA\u00fan no tienes un dominio para tu negocio? \u00a1Es momento de dar el primer paso hacia tu identidad digital!<\/p>\n<p data-start=\"432\" data-end=\"757\">En <strong data-start=\"435\" data-end=\"461\">[Nombre de tu empresa]<\/strong>, te ofrecemos el <strong data-start=\"479\" data-end=\"503\">registro de dominios<\/strong> de forma r\u00e1pida, segura y con todos los servicios que necesitas para destacar en internet. Ya sea que est\u00e9s empezando o quieras reforzar tu marca, contar con un dominio propio como <code data-start=\"685\" data-end=\"702\">www.tumarca.com<\/code> te da <strong data-start=\"709\" data-end=\"756\">credibilidad, profesionalismo y visibilidad<\/strong>.<\/p>\n<h4 data-start=\"759\" data-end=\"796\">\u2705 \u00bfQu\u00e9 incluye nuestro servicio?<\/h4>\n<ul data-start=\"797\" data-end=\"1202\">\n<li data-start=\"797\" data-end=\"892\">\n<p data-start=\"799\" data-end=\"892\"><strong data-start=\"799\" data-end=\"824\">Dominio personalizado<\/strong>: Elige entre <code data-start=\"838\" data-end=\"844\">.com<\/code>, <code data-start=\"846\" data-end=\"852\">.net<\/code>, <code data-start=\"854\" data-end=\"860\">.org<\/code>, <code data-start=\"862\" data-end=\"867\">.mx<\/code>, <code data-start=\"869\" data-end=\"877\">.store<\/code>, y muchos m\u00e1s.<\/p>\n<\/li>\n<li data-start=\"893\" data-end=\"960\">\n<p data-start=\"895\" data-end=\"960\"><strong data-start=\"895\" data-end=\"929\">Protecci\u00f3n de privacidad WHOIS<\/strong>: Mant\u00e9n tu informaci\u00f3n segura.<\/p>\n<\/li>\n<li data-start=\"961\" data-end=\"1058\">\n<p data-start=\"963\" data-end=\"1058\"><strong data-start=\"963\" data-end=\"1003\">Redirecci\u00f3n web y correo electr\u00f3nico<\/strong>: Lleva a tus clientes directamente a donde t\u00fa quieras.<\/p>\n<\/li>\n<li data-start=\"1059\" data-end=\"1136\">\n<p data-start=\"1061\" data-end=\"1136\"><strong data-start=\"1061\" data-end=\"1087\">Gesti\u00f3n f\u00e1cil y r\u00e1pida<\/strong>: Administra tu dominio desde un panel intuitivo.<\/p>\n<\/li>\n<li data-start=\"1137\" data-end=\"1202\">\n<p data-start=\"1139\" data-end=\"1202\"><strong data-start=\"1139\" data-end=\"1172\">Soporte t\u00e9cnico personalizado<\/strong>: Te ayudamos en todo momento.<\/p>\n<\/li>\n<\/ul>\n<p data-start=\"1204\" data-end=\"1323\">Adem\u00e1s, puedes complementar tu dominio con <strong data-start=\"1247\" data-end=\"1298\">correo profesional, sitio web y alojamiento web<\/strong>, todo en un mismo lugar.<\/p>\n<h4 data-start=\"1325\" data-end=\"1364\">\ud83d\udcbc Tu nombre, tu marca, tu dominio<\/h4>\n<p data-start=\"1365\" data-end=\"1460\">No dejes que otros lo registren primero. Asegura hoy mismo el nombre de tu empresa en internet.<\/p>\n<p>[\/vc_column_text][\/vc_column][vc_column width=\u00bb1\/3&#8243;][vc_single_image image=\u00bb9629&#8243; img_size=\u00bbfull\u00bb css=\u00bb\u00bb parallax_scroll=\u00bbno\u00bb woodmart_inline=\u00bbno\u00bb][\/vc_column][\/vc_row]<\/p>\n<\/div>","protected":false},"excerpt":{"rendered":"<p>[vc_row][vc_column][vc_column_text css=\u00bb\u00bb woodmart_inline=\u00bbno\u00bb text_larger=\u00bbno\u00bb] Tu dominio es la puerta de entrada a tu marca en l\u00ednea. Es m\u00e1s que una<\/p>\n","protected":false},"author":1,"featured_media":0,"parent":0,"menu_order":0,"comment_status":"closed","ping_status":"closed","template":"","meta":{"_joinchat":[],"footnotes":""},"class_list":["post-9439","page","type-page","status-publish","hentry"],"_links":{"self":[{"href":"https:\/\/marcaymercado.com\/website\/wp-json\/wp\/v2\/pages\/9439","targetHints":{"allow":["GET"]}}],"collection":[{"href":"https:\/\/marcaymercado.com\/website\/wp-json\/wp\/v2\/pages"}],"about":[{"href":"https:\/\/marcaymercado.com\/website\/wp-json\/wp\/v2\/types\/page"}],"author":[{"embeddable":true,"href":"https:\/\/marcaymercado.com\/website\/wp-json\/wp\/v2\/users\/1"}],"replies":[{"embeddable":true,"href":"https:\/\/marcaymercado.com\/website\/wp-json\/wp\/v2\/comments?post=9439"}],"version-history":[{"count":12,"href":"https:\/\/marcaymercado.com\/website\/wp-json\/wp\/v2\/pages\/9439\/revisions"}],"predecessor-version":[{"id":9632,"href":"https:\/\/marcaymercado.com\/website\/wp-json\/wp\/v2\/pages\/9439\/revisions\/9632"}],"wp:attachment":[{"href":"https:\/\/marcaymercado.com\/website\/wp-json\/wp\/v2\/media?parent=9439"}],"curies":[{"name":"wp","href":"https:\/\/api.w.org\/{rel}","templated":true}]}}