{"id":5212,"date":"2021-08-25T07:26:28","date_gmt":"2021-08-25T07:26:28","guid":{"rendered":"http:\/\/dummy.xtemos.com\/woodmart2\/?page_id=5212"},"modified":"2025-06-20T02:16:26","modified_gmt":"2025-06-20T00:16:26","slug":"empresa","status":"publish","type":"page","link":"https:\/\/marcaymercado.com\/website\/empresa\/","title":{"rendered":"EMPRESA"},"content":{"rendered":"<div class=\"wpb-content-wrapper\"><p>[vc_row][vc_column width=\u00bb1\/2&#8243;]\n\t\t<div id=\"wd-6854a7836fa69\" class=\"title-wrapper wd-wpb wd-set-mb reset-last-child  wd-rs-6854a7836fa69 wd-title-color-primary wd-title-style-underlined text-left vc_custom_1750378378536 wd-underline-colored\">\n\t\t\t\n\t\t\t<div class=\"liner-continer\">\n\t\t\t\t<h4 class=\"woodmart-title-container title  wd-font-weight- wd-fontsize-xxl\" >MARCA Y MERCADO SRL<\/h4>\n\t\t\t\t\t\t\t<\/div>\n\t\t\t\n\t\t\t\n\t\t\t\n\t\t<\/div>\n\t\t\n\t\t[vc_column_text css=\u00bb\u00bb woodmart_inline=\u00bbno\u00bb text_larger=\u00bbno\u00bb]Somos una empresa especializada en ofrecer una variedad de soluciones<br \/>\nempresariales a trav\u00e9s de sus divisiones.<\/p>\n<p>Curiosos, creativos y apasionados de creaciones de p\u00e1ginas on-line, e-commerce, redes sociales, disfrutando de planificar, crear, y comunicar mediante estos nuevos canales.<\/p>\n<p>Nuestros principales compromisos son la innovaci\u00f3n, la dedicaci\u00f3n, el trabajo en equipo, la responsabilidad y la pasi\u00f3n que le dedicamos a los proyectos de nuestrosclientes.<\/p>\n<p><strong>Marca y Mercado SRL<\/strong> desde el 2003 ha ido desarrollando una serie de servicios que se adecuan a las nuevas tendencias efectivas de publicidad, las cuales resumimos en una propuesta que estamos seguros ser\u00e1 de su inter\u00e9s.<\/p>\n<h2 class=\"relaweybo\">Marca y Mercado <span class=\"colortemp\">no es simplemente una empresa es mi pasi\u00f3n.<\/span><\/h2>\n<p class=\"relaweyli\">Cuando te levantas por la ma\u00f1ana para ir a trabajar y lo haces impulsado por el hecho de ir a hacer lo que m\u00e1s inter\u00e9s tiene para ti en este mundo, no piensas en las vacaciones, no sientes necesidad de descansar, ni siquiera prestas atenci\u00f3n a la cantidad de horas que empelas en ello.<\/p>\n<p>[\/vc_column_text][\/vc_column][vc_column width=\u00bb1\/2&#8243;][vc_single_image image=\u00bb9698&#8243; img_size=\u00bbfull\u00bb css=\u00bb\u00bb parallax_scroll=\u00bbno\u00bb woodmart_inline=\u00bbno\u00bb][vc_column_text css=\u00bb\u00bb woodmart_inline=\u00bbno\u00bb text_larger=\u00bbno\u00bb]<\/p>\n<h1 class=\"relaweybo\" style=\"text-align: center;\">\u00abNUESTRO DIRECTOR\u00bb<\/h1>\n<p>[\/vc_column_text][\/vc_column][\/vc_row]<\/p>\n<\/div>","protected":false},"excerpt":{"rendered":"<p>[vc_row][vc_column width=\u00bb1\/2&#8243;][vc_column_text css=\u00bb\u00bb woodmart_inline=\u00bbno\u00bb text_larger=\u00bbno\u00bb]Somos una empresa especializada en ofrecer una variedad de soluciones empresariales a trav\u00e9s de sus divisiones.<\/p>\n","protected":false},"author":1,"featured_media":0,"parent":0,"menu_order":0,"comment_status":"closed","ping_status":"closed","template":"","meta":{"_joinchat":[],"footnotes":""},"class_list":["post-5212","page","type-page","status-publish","hentry"],"_links":{"self":[{"href":"https:\/\/marcaymercado.com\/website\/wp-json\/wp\/v2\/pages\/5212","targetHints":{"allow":["GET"]}}],"collection":[{"href":"https:\/\/marcaymercado.com\/website\/wp-json\/wp\/v2\/pages"}],"about":[{"href":"https:\/\/marcaymercado.com\/website\/wp-json\/wp\/v2\/types\/page"}],"author":[{"embeddable":true,"href":"https:\/\/marcaymercado.com\/website\/wp-json\/wp\/v2\/users\/1"}],"replies":[{"embeddable":true,"href":"https:\/\/marcaymercado.com\/website\/wp-json\/wp\/v2\/comments?post=5212"}],"version-history":[{"count":15,"href":"https:\/\/marcaymercado.com\/website\/wp-json\/wp\/v2\/pages\/5212\/revisions"}],"predecessor-version":[{"id":9704,"href":"https:\/\/marcaymercado.com\/website\/wp-json\/wp\/v2\/pages\/5212\/revisions\/9704"}],"wp:attachment":[{"href":"https:\/\/marcaymercado.com\/website\/wp-json\/wp\/v2\/media?parent=5212"}],"curies":[{"name":"wp","href":"https:\/\/api.w.org\/{rel}","templated":true}]}}